{"id":764,"date":"2020-11-16T17:17:31","date_gmt":"2020-11-16T17:17:31","guid":{"rendered":"https:\/\/keepcleanandrun.com\/?page_id=764"},"modified":"2020-11-17T10:40:29","modified_gmt":"2020-11-17T10:40:29","slug":"keep-clean-and-run-2019","status":"publish","type":"page","link":"https:\/\/keepcleanandrun.com\/index.php\/keep-clean-and-run-2019\/","title":{"rendered":"Keep Clean and Run 2019"},"content":{"rendered":"\n<h2 class=\"wp-block-heading\">Keep Clean and Run+ 2019<\/h2>\n\n\n\n<p>Quale evento centrale dell\u2019European Clean Up Day&nbsp;2019&nbsp;in Italia, il Ministero dell\u2019Ambiente e il Comitato promotore nazionale della Settimana Europea per la Riduzione dei Rifiuti, con il coordinamento di AICA, presentano la <strong>sesta edizione di LCUE la cui azione centrale \u00e8&nbsp;\u201cKeep Clean and Run +\u201d<\/strong> per sensibilizzare sulla tematica del contrasto al&nbsp;<em>littering<\/em>&nbsp;tramite lo sport.<\/p>\n\n\n\n<iframe loading=\"lazy\" width=\"560\" height=\"315\" src=\"https:\/\/www.youtube.com\/embed\/sMKFJvjkV0c\" frameborder=\"0\" allow=\"accelerometer; autoplay; clipboard-write; encrypted-media; gyroscope; picture-in-picture\" allowfullscreen><\/iframe>\n\n\n\n<p>Dopo le passate quattro edizioni (nel nord Italia nel 2015, nel centro Italia nel 2016, e nel sud Italia nel 2017 e in bici sulla costa est nel 2018) che hanno visto Roberto Cavallo e vari testimonial attraversare la Penisola di corsa e non solo, intrepretando al meglio il concetto di <em>eco-trail<\/em>, quest\u2019anno l\u2019evento si concentrer\u00e0 lungo il corso del <strong>fiume Po<\/strong> alternando la corsa con la bicicletta e coinvolgendo associazioni sportive locali e soprattutto quelle fluviali (canottaggio, kayak, rafting, nuoto, pesca, ecc.).<\/p>\n\n\n\n<p><strong>Roberto Cavallo<\/strong>&nbsp;-accompagnato da numerosi testimonial sportivi di fama nazionale- attraverser\u00e0 le strade di vari Comuni lungo un percorso in <strong>7 tappe<\/strong>, compiendo azioni di pulizia dai rifiuti abbandonati insieme ai cittadini e agli sportivi locali.<\/p>\n\n\n\n<p>Particolare attenzione sar\u00e0 data al&nbsp;<strong>coinvolgimento<\/strong> della popolazione, con eventi sia nel Comune di partenza che in quello di arrivo, nonch\u00e9 nei Comuni attraversati: scuole, famiglie e Associazioni culturali e sportive del territorio verranno invitate a partecipare a momenti di sensibilizzazione, animazione e pulizia del territorio, mentre i testimonial descriveranno il senso dell\u2019iniziativa e forniranno i dati legati ai rifiuti raccolti durante il percorso. Ogni Tappa potr\u00e0 prevedere inoltre un tema specifico, legato all\u2019approfondimento di particolari filiere di rifiuto, e la presenza di testimonial locali per aumentare la portata dell\u2019evento.<\/p>\n\n\n\n<iframe loading=\"lazy\" src=\"https:\/\/www.youtube.com\/embed\/mwKW4FVONW4\" allow=\"accelerometer; autoplay; clipboard-write; encrypted-media; gyroscope; picture-in-picture\" allowfullscreen=\"\" width=\"560\" height=\"315\" frameborder=\"0\"><\/iframe>\n\n\n\n<h2 class=\"wp-block-heading\">Il format KCR+ 2019<\/h2>\n\n\n\n<p>L\u2019idea \u00e8, quindi, di mantenere questo <strong>format di successo<\/strong>, ovvero utilizzare lo sport per passare da una meta ad un\u2019altra.<\/p>\n\n\n\n<p>Nel corso del passaggio da un luogo all\u2019altro continueremo a <strong>coinvolgere le comunit\u00e0<\/strong> presenti lungo il percorso, in particolare le scuole, per azioni di pulizia del proprio territorio. Anche i testimonial dello spostamento sono chiamati a fermarsi e <strong>raccogliere<\/strong> i rifiuti abbandonati. I rifiuti raccolti saranno pesati e suddivisi per materiale cos\u00ec da avviarli, dove possibile, a <strong>riciclo<\/strong>.<\/p>\n\n\n\n<p>Ma i rifiuti raccolti sono anche <strong>raccontati<\/strong>. Ogni oggetto ha una sua storia e conoscerla limita l\u2019abbandono e aumenta la sensibilit\u00e0 al proprio territorio.<\/p>\n\n\n\n<p>Per questo ogni tappa ha inizio con un incontro con le scuole e i cittadini e che durante il percorso altri cittadini, altre scuole e altre associazioni accompagneranno con azioni di pulizia e incontri gli ecoatleti coinvolti con Roberto Cavallo.<\/p>\n\n\n\n<p>Al termine della \u201ctappa\u201d i testimonial e gli sponsor raccontano ai presenti e alla stampa invitata cosa hanno trovato e le <strong>conseguenze dell\u2019abbandono<\/strong>.<\/p>\n\n\n\n<h2 class=\"wp-block-heading\">Le novit\u00e0 di questa edizione<\/h2>\n\n\n\n<p>La novit\u00e0 principale del 2019 \u00e8 che KCR+ si concentrer\u00e0 sull\u2019inquinamento fluviale, in particolare:<\/p>\n\n\n\n<ul class=\"wp-block-list\"><li>Per <strong>estendere <\/strong>il focus della plastiche nel mare agli inquinanti nei fiumi;<\/li><li>Per <strong>allargare<\/strong> il target di accompagnatori,<\/li><li>Per <strong>raccogliere<\/strong> dati scientifici sul fenomeno dell\u2019inquinamento nei fiumi grazie all\u2019attivit\u00e0 di un team di ricercatori<\/li><li>Per <strong>trasmettere<\/strong> messaggi coerenti nella quotidianit\u00e0:<ul><li>Non abbandonare i rifiuti<\/li><li>Fai sport e movimento<\/li><li>Usa una forma di mobilit\u00e0 e turismo sostenibile<\/li><\/ul><\/li><\/ul>\n\n\n\n<h2 class=\"wp-block-heading\">Il percorso<\/h2>\n\n\n\n<p>Il percorso si \u00e8 articolato nelle regioni attraversate dal fiume Po, quindi dal <strong>Piemonte<\/strong> al <strong>Veneto <\/strong>con il seguente calendario<strong>.<\/strong><\/p>\n\n\n\n<figure class=\"wp-block-table\"><table><tbody><tr><td><strong>Giorno<\/strong><\/td><td><strong>Tappa di Partenza<\/strong><\/td><td><strong>Tappa di Arrivo<\/strong><\/td><\/tr><tr><td>Sabato 4 maggio 2019<\/td><td>Crissolo (CN)<\/td><td>Carignano (TO)<\/td><\/tr><tr><td>Domenica 5 maggio 2019<\/td><td>Carignano (TO)<\/td><td>Casale Monferrato (AL)<\/td><\/tr><tr><td>Luned\u00ec 6 maggio 2019<\/td><td>Casale Monferrato (AL)<\/td><td>Pavia<\/td><\/tr><tr><td>Marted\u00ec 7 maggio 2019<\/td><td>Pavia<\/td><td>Cremona<\/td><\/tr><tr><td>Mercoled\u00ec 8 maggio 2019<\/td><td>Cremona<\/td><td>Mantova<\/td><\/tr><tr><td>Gioved\u00ec 9 maggio 2019<\/td><td>Mantova<\/td><td>Ferrara<\/td><\/tr><tr><td>Venerd\u00ec 10 maggio 2019<\/td><td>Ferrara<\/td><td>Pila (RO)<\/td><\/tr><\/tbody><\/table><\/figure>\n\n\n\n<h2 class=\"wp-block-heading\">La ricerca: Un Po di Plastica<\/h2>\n\n\n\n<p>AICA (Associazione Internazionale per la Comunicazione Ambientale) in collaborazione con ERICA Soc. Coop. e European Research Institute (ERI) ha campionato il fiume pi\u00f9 lungo d\u2019Italia alla ricerca di frammenti di plastica. <\/p>\n\n\n\n<p>Secondo lo studio \u201c<a href=\"https:\/\/keepcleanandrun.com\/wp-content\/uploads\/2020\/11\/UnPodiplastica_2019-2-min.pdf\" target=\"_blank\" rel=\"noreferrer noopener\">Un Po di plastica<\/a>\u201d, condotto grazie all\u2019evento sportivo e di sensibilizzazione ambientale \u201cKeep Clean and Run\u201d, ogni secondo il Po riversa in mare 11.107 frammenti di plastica di dimensione media intorno ai 5 mm e dal peso medio di 11 mg.<\/p>\n\n\n\n<p class=\"has-text-align-center\"><a href=\"https:\/\/keepcleanandrun.com\/wp-content\/uploads\/2020\/11\/UnPodiplastica_2019-2-min.pdf\" target=\"_blank\" rel=\"noreferrer noopener\">Leggi e scarica il report<\/a><\/p>\n\n\n\n<div class=\"wp-block-image\"><figure class=\"aligncenter size-large is-resized\"><a href=\"https:\/\/keepcleanandrun.com\/wp-content\/uploads\/2020\/11\/UnPodiplastica_2019-2-min.pdf\" target=\"_blank\" rel=\"noopener noreferrer\"><img loading=\"lazy\" decoding=\"async\" src=\"https:\/\/keepcleanandrun.com\/wp-content\/uploads\/2020\/11\/unpodiplastica-1024x582.png\" alt=\"\" class=\"wp-image-766\" width=\"533\" height=\"303\" srcset=\"https:\/\/keepcleanandrun.com\/wp-content\/uploads\/2020\/11\/unpodiplastica-1024x582.png 1024w, https:\/\/keepcleanandrun.com\/wp-content\/uploads\/2020\/11\/unpodiplastica-300x171.png 300w, https:\/\/keepcleanandrun.com\/wp-content\/uploads\/2020\/11\/unpodiplastica-768x437.png 768w, https:\/\/keepcleanandrun.com\/wp-content\/uploads\/2020\/11\/unpodiplastica-24x14.png 24w, https:\/\/keepcleanandrun.com\/wp-content\/uploads\/2020\/11\/unpodiplastica-36x20.png 36w, https:\/\/keepcleanandrun.com\/wp-content\/uploads\/2020\/11\/unpodiplastica-48x27.png 48w, https:\/\/keepcleanandrun.com\/wp-content\/uploads\/2020\/11\/unpodiplastica.png 1029w\" sizes=\"auto, (max-width: 533px) 100vw, 533px\" \/><\/a><\/figure><\/div>\n\n\n\n<p><\/p>\n\n\n\n<h3 class=\"wp-block-heading\">Gli sponsor<\/h3>\n\n\n\n<figure class=\"wp-block-table\"><table><tbody><tr><td class=\"has-text-align-center\" data-align=\"center\"><img loading=\"lazy\" decoding=\"async\" src=\"http:\/\/www.envi.info\/wp-content\/uploads\/2019\/03\/fondazione-cariplo-motto-rgb10cm-150x150.jpg\" alt=\"\" srcset=\"https:\/\/www.envi.info\/wp-content\/uploads\/2019\/03\/fondazione-cariplo-motto-rgb10cm-300x150.jpg 300w, https:\/\/www.envi.info\/wp-content\/uploads\/2019\/03\/fondazione-cariplo-motto-rgb10cm-768x384.jpg 768w, https:\/\/www.envi.info\/wp-content\/uploads\/2019\/03\/fondazione-cariplo-motto-rgb10cm-1024x513.jpg 1024w\" width=\"100\" height=\"50\"><\/td><td><img loading=\"lazy\" decoding=\"async\" src=\"http:\/\/www.envi.info\/wp-content\/uploads\/2019\/03\/unicredit-logo-150x150.png\" alt=\"\" srcset=\"https:\/\/www.envi.info\/wp-content\/uploads\/2019\/03\/unicredit-logo-300x157.png 300w, https:\/\/www.envi.info\/wp-content\/uploads\/2019\/03\/unicredit-logo-768x402.png 768w, https:\/\/www.envi.info\/wp-content\/uploads\/2019\/03\/unicredit-logo-1024x536.png 1024w, https:\/\/www.envi.info\/wp-content\/uploads\/2019\/03\/unicredit-logo.png 1201w\" width=\"90\" height=\"47\"><\/td><td><img loading=\"lazy\" decoding=\"async\" src=\"http:\/\/www.envi.info\/wp-content\/uploads\/2014\/03\/conai-150x150.jpg\" alt=\"\" srcset=\"https:\/\/www.envi.info\/wp-content\/uploads\/2014\/03\/conai-300x142.jpg 300w, https:\/\/www.envi.info\/wp-content\/uploads\/2014\/03\/conai-1024x487.jpg 1024w, https:\/\/www.envi.info\/wp-content\/uploads\/2014\/03\/conai-672x320.jpg 672w\" width=\"90\" height=\"43\"><\/td><td><img loading=\"lazy\" decoding=\"async\" srcset=\"https:\/\/www.envi.info\/wp-content\/uploads\/2016\/04\/Utilitalia-300x212.jpg 300w, https:\/\/www.envi.info\/wp-content\/uploads\/2016\/04\/Utilitalia-1024x724.jpg 1024w\" src=\"http:\/\/www.envi.info\/wp-content\/uploads\/2016\/04\/Utilitalia-150x150.jpg\" alt=\"\" width=\"80\" height=\"57\"><\/td><td><\/td><\/tr><tr><td class=\"has-text-align-center\" data-align=\"center\"><img loading=\"lazy\" decoding=\"async\" srcset=\"https:\/\/www.envi.info\/wp-content\/uploads\/2015\/04\/greentire-300x164.jpg 300w, https:\/\/www.envi.info\/wp-content\/uploads\/2015\/04\/greentire.jpg 414w\" src=\"http:\/\/www.envi.info\/wp-content\/uploads\/2015\/04\/greentire-150x150.jpg\" alt=\"\" width=\"80\" height=\"44\"><\/td><td><img loading=\"lazy\" decoding=\"async\" srcset=\"https:\/\/www.envi.info\/wp-content\/uploads\/2015\/04\/tetra-pak-150x150.jpg 150w, https:\/\/www.envi.info\/wp-content\/uploads\/2015\/04\/tetra-pak-160x160.jpg 160w, https:\/\/www.envi.info\/wp-content\/uploads\/2015\/04\/tetra-pak.jpg 237w\" src=\"http:\/\/www.envi.info\/wp-content\/uploads\/2015\/04\/tetra-pak-150x150.jpg\" alt=\"\" width=\"80\" height=\"80\"><\/td><td><img loading=\"lazy\" decoding=\"async\" srcset=\"https:\/\/www.envi.info\/wp-content\/uploads\/2016\/04\/MercatinoUsatoFranchising01-150x150.jpg 150w, https:\/\/www.envi.info\/wp-content\/uploads\/2016\/04\/MercatinoUsatoFranchising01-300x300.jpg 300w, https:\/\/www.envi.info\/wp-content\/uploads\/2016\/04\/MercatinoUsatoFranchising01-160x160.jpg 160w, https:\/\/www.envi.info\/wp-content\/uploads\/2016\/04\/MercatinoUsatoFranchising01-320x320.jpg 320w, https:\/\/www.envi.info\/wp-content\/uploads\/2016\/04\/MercatinoUsatoFranchising01.jpg 960w\" src=\"http:\/\/www.envi.info\/wp-content\/uploads\/2016\/04\/MercatinoUsatoFranchising01-150x150.jpg\" alt=\"mercatino\" width=\"80\" height=\"80\"><\/td><td><img loading=\"lazy\" decoding=\"async\" srcset=\"https:\/\/www.envi.info\/wp-content\/uploads\/2017\/03\/fise-300x54.png 300w, https:\/\/www.envi.info\/wp-content\/uploads\/2017\/03\/fise-1024x186.png 1024w\" src=\"http:\/\/www.envi.info\/wp-content\/uploads\/2017\/03\/fise-150x150.png\" alt=\"fise assoambiente\" width=\"80\" height=\"14\"><\/td><td><\/td><\/tr><tr><td class=\"has-text-align-center\" data-align=\"center\"><img loading=\"lazy\" decoding=\"async\" src=\"http:\/\/www.envi.info\/wp-content\/uploads\/2019\/03\/comieco-150x150.png\" alt=\"\" srcset=\"https:\/\/www.envi.info\/wp-content\/uploads\/2019\/03\/comieco-300x92.png 300w, https:\/\/www.envi.info\/wp-content\/uploads\/2019\/03\/comieco.png 405w\" width=\"70\" height=\"21\"><\/td><td><img loading=\"lazy\" decoding=\"async\" src=\"http:\/\/www.envi.info\/wp-content\/uploads\/2019\/02\/images-150x150.png\" alt=\"\" width=\"70\" height=\"63\"><\/td><td><img loading=\"lazy\" decoding=\"async\" src=\"http:\/\/www.envi.info\/wp-content\/uploads\/2015\/05\/logo_ricrea-150x150.png\" alt=\"ricrea-logo\" srcset=\"https:\/\/www.envi.info\/wp-content\/uploads\/2015\/05\/logo_ricrea-300x125.png 300w, https:\/\/www.envi.info\/wp-content\/uploads\/2015\/05\/logo_ricrea.png 600w\" width=\"70\" height=\"29\"><\/td><td><img loading=\"lazy\" decoding=\"async\" src=\"http:\/\/www.envi.info\/wp-content\/uploads\/2014\/03\/coreve-150x150.gif\" alt=\"\" width=\"70\" height=\"42\"><\/td><td><img loading=\"lazy\" decoding=\"async\" src=\"http:\/\/www.envi.info\/wp-content\/uploads\/2019\/02\/imagesKC3X4P2C-150x150.jpg\" alt=\"\" srcset=\"https:\/\/www.envi.info\/wp-content\/uploads\/2019\/02\/imagesKC3X4P2C-150x150.jpg 150w, https:\/\/www.envi.info\/wp-content\/uploads\/2019\/02\/imagesKC3X4P2C-160x160.jpg 160w, https:\/\/www.envi.info\/wp-content\/uploads\/2019\/02\/imagesKC3X4P2C-320x320.jpg 320w, https:\/\/www.envi.info\/wp-content\/uploads\/2019\/02\/imagesKC3X4P2C.jpg 200w\" width=\"70\" height=\"70\"><\/td><\/tr><\/tbody><\/table><\/figure>\n","protected":false},"excerpt":{"rendered":"<p>Keep Clean and Run+ 2019 Quale evento centrale dell\u2019European Clean Up Day&nbsp;2019&nbsp;in Italia, il Ministero dell\u2019Ambiente e il Comitato promotore nazionale della Settimana Europea per la Riduzione dei Rifiuti, con il coordinamento di AICA, presentano la sesta edizione di LCUE la cui azione centrale \u00e8&nbsp;\u201cKeep Clean and Run +\u201d per sensibilizzare sulla tematica del contrasto &hellip; <\/p>\n<p class=\"link-more\"><a href=\"https:\/\/keepcleanandrun.com\/index.php\/keep-clean-and-run-2019\/\" class=\"more-link\">Leggi tutto<span class=\"screen-reader-text\"> &#8220;Keep Clean and Run 2019&#8221;<\/span><\/a><\/p>\n","protected":false},"author":1,"featured_media":0,"parent":0,"menu_order":0,"comment_status":"closed","ping_status":"closed","template":"","meta":{"ngg_post_thumbnail":0,"footnotes":""},"class_list":["post-764","page","type-page","status-publish","hentry"],"yoast_head":"<!-- This site is optimized with the Yoast SEO plugin v27.3 - https:\/\/yoast.com\/product\/yoast-seo-wordpress\/ -->\n<title>Keep Clean and Run 2019 - Keep Clean and run<\/title>\n<meta name=\"description\" content=\"Keep Clean and Run 2019, la quinta edizione del KCR lungo le rive del fiume Po\" \/>\n<meta name=\"robots\" content=\"index, follow, max-snippet:-1, max-image-preview:large, max-video-preview:-1\" \/>\n<link rel=\"canonical\" href=\"https:\/\/keepcleanandrun.com\/index.php\/keep-clean-and-run-2019\/\" \/>\n<meta property=\"og:locale\" content=\"it_IT\" \/>\n<meta property=\"og:type\" content=\"article\" \/>\n<meta property=\"og:title\" content=\"Keep Clean and Run 2019 - Keep Clean and run\" \/>\n<meta property=\"og:description\" content=\"Keep Clean and Run 2019, la quinta edizione del KCR lungo le rive del fiume Po\" \/>\n<meta property=\"og:url\" content=\"https:\/\/keepcleanandrun.com\/index.php\/keep-clean-and-run-2019\/\" \/>\n<meta property=\"og:site_name\" content=\"Keep Clean and run\" \/>\n<meta property=\"article:publisher\" content=\"https:\/\/www.facebook.com\/ENVI.INFO\/\" \/>\n<meta property=\"article:modified_time\" content=\"2020-11-17T10:40:29+00:00\" \/>\n<meta property=\"og:image\" content=\"https:\/\/keepcleanandrun.com\/wp-content\/uploads\/2020\/11\/unpodiplastica-1024x582.png\" \/>\n<meta name=\"twitter:card\" content=\"summary_large_image\" \/>\n<meta name=\"twitter:site\" content=\"@EnviInfo\" \/>\n<meta name=\"twitter:label1\" content=\"Tempo di lettura stimato\" \/>\n\t<meta name=\"twitter:data1\" content=\"3 minuti\" \/>\n<script type=\"application\/ld+json\" class=\"yoast-schema-graph\">{\"@context\":\"https:\\\/\\\/schema.org\",\"@graph\":[{\"@type\":\"WebPage\",\"@id\":\"https:\\\/\\\/keepcleanandrun.com\\\/index.php\\\/keep-clean-and-run-2019\\\/\",\"url\":\"https:\\\/\\\/keepcleanandrun.com\\\/index.php\\\/keep-clean-and-run-2019\\\/\",\"name\":\"Keep Clean and Run 2019 - Keep Clean and run\",\"isPartOf\":{\"@id\":\"https:\\\/\\\/keepcleanandrun.com\\\/#website\"},\"primaryImageOfPage\":{\"@id\":\"https:\\\/\\\/keepcleanandrun.com\\\/index.php\\\/keep-clean-and-run-2019\\\/#primaryimage\"},\"image\":{\"@id\":\"https:\\\/\\\/keepcleanandrun.com\\\/index.php\\\/keep-clean-and-run-2019\\\/#primaryimage\"},\"thumbnailUrl\":\"https:\\\/\\\/keepcleanandrun.com\\\/wp-content\\\/uploads\\\/2020\\\/11\\\/unpodiplastica-1024x582.png\",\"datePublished\":\"2020-11-16T17:17:31+00:00\",\"dateModified\":\"2020-11-17T10:40:29+00:00\",\"description\":\"Keep Clean and Run 2019, la quinta edizione del KCR lungo le rive del fiume Po\",\"breadcrumb\":{\"@id\":\"https:\\\/\\\/keepcleanandrun.com\\\/index.php\\\/keep-clean-and-run-2019\\\/#breadcrumb\"},\"inLanguage\":\"it-IT\",\"potentialAction\":[{\"@type\":\"ReadAction\",\"target\":[\"https:\\\/\\\/keepcleanandrun.com\\\/index.php\\\/keep-clean-and-run-2019\\\/\"]}]},{\"@type\":\"ImageObject\",\"inLanguage\":\"it-IT\",\"@id\":\"https:\\\/\\\/keepcleanandrun.com\\\/index.php\\\/keep-clean-and-run-2019\\\/#primaryimage\",\"url\":\"https:\\\/\\\/keepcleanandrun.com\\\/wp-content\\\/uploads\\\/2020\\\/11\\\/unpodiplastica.png\",\"contentUrl\":\"https:\\\/\\\/keepcleanandrun.com\\\/wp-content\\\/uploads\\\/2020\\\/11\\\/unpodiplastica.png\",\"width\":1029,\"height\":585},{\"@type\":\"BreadcrumbList\",\"@id\":\"https:\\\/\\\/keepcleanandrun.com\\\/index.php\\\/keep-clean-and-run-2019\\\/#breadcrumb\",\"itemListElement\":[{\"@type\":\"ListItem\",\"position\":1,\"name\":\"Home\",\"item\":\"https:\\\/\\\/keepcleanandrun.com\\\/\"},{\"@type\":\"ListItem\",\"position\":2,\"name\":\"Keep Clean and Run 2019\"}]},{\"@type\":\"WebSite\",\"@id\":\"https:\\\/\\\/keepcleanandrun.com\\\/#website\",\"url\":\"https:\\\/\\\/keepcleanandrun.com\\\/\",\"name\":\"Keep Clean and run\",\"description\":\"\",\"potentialAction\":[{\"@type\":\"SearchAction\",\"target\":{\"@type\":\"EntryPoint\",\"urlTemplate\":\"https:\\\/\\\/keepcleanandrun.com\\\/?s={search_term_string}\"},\"query-input\":{\"@type\":\"PropertyValueSpecification\",\"valueRequired\":true,\"valueName\":\"search_term_string\"}}],\"inLanguage\":\"it-IT\"}]}<\/script>\n<!-- \/ Yoast SEO plugin. -->","yoast_head_json":{"title":"Keep Clean and Run 2019 - Keep Clean and run","description":"Keep Clean and Run 2019, la quinta edizione del KCR lungo le rive del fiume Po","robots":{"index":"index","follow":"follow","max-snippet":"max-snippet:-1","max-image-preview":"max-image-preview:large","max-video-preview":"max-video-preview:-1"},"canonical":"https:\/\/keepcleanandrun.com\/index.php\/keep-clean-and-run-2019\/","og_locale":"it_IT","og_type":"article","og_title":"Keep Clean and Run 2019 - Keep Clean and run","og_description":"Keep Clean and Run 2019, la quinta edizione del KCR lungo le rive del fiume Po","og_url":"https:\/\/keepcleanandrun.com\/index.php\/keep-clean-and-run-2019\/","og_site_name":"Keep Clean and run","article_publisher":"https:\/\/www.facebook.com\/ENVI.INFO\/","article_modified_time":"2020-11-17T10:40:29+00:00","og_image":[{"url":"https:\/\/keepcleanandrun.com\/wp-content\/uploads\/2020\/11\/unpodiplastica-1024x582.png","type":"","width":"","height":""}],"twitter_card":"summary_large_image","twitter_site":"@EnviInfo","twitter_misc":{"Tempo di lettura stimato":"3 minuti"},"schema":{"@context":"https:\/\/schema.org","@graph":[{"@type":"WebPage","@id":"https:\/\/keepcleanandrun.com\/index.php\/keep-clean-and-run-2019\/","url":"https:\/\/keepcleanandrun.com\/index.php\/keep-clean-and-run-2019\/","name":"Keep Clean and Run 2019 - Keep Clean and run","isPartOf":{"@id":"https:\/\/keepcleanandrun.com\/#website"},"primaryImageOfPage":{"@id":"https:\/\/keepcleanandrun.com\/index.php\/keep-clean-and-run-2019\/#primaryimage"},"image":{"@id":"https:\/\/keepcleanandrun.com\/index.php\/keep-clean-and-run-2019\/#primaryimage"},"thumbnailUrl":"https:\/\/keepcleanandrun.com\/wp-content\/uploads\/2020\/11\/unpodiplastica-1024x582.png","datePublished":"2020-11-16T17:17:31+00:00","dateModified":"2020-11-17T10:40:29+00:00","description":"Keep Clean and Run 2019, la quinta edizione del KCR lungo le rive del fiume Po","breadcrumb":{"@id":"https:\/\/keepcleanandrun.com\/index.php\/keep-clean-and-run-2019\/#breadcrumb"},"inLanguage":"it-IT","potentialAction":[{"@type":"ReadAction","target":["https:\/\/keepcleanandrun.com\/index.php\/keep-clean-and-run-2019\/"]}]},{"@type":"ImageObject","inLanguage":"it-IT","@id":"https:\/\/keepcleanandrun.com\/index.php\/keep-clean-and-run-2019\/#primaryimage","url":"https:\/\/keepcleanandrun.com\/wp-content\/uploads\/2020\/11\/unpodiplastica.png","contentUrl":"https:\/\/keepcleanandrun.com\/wp-content\/uploads\/2020\/11\/unpodiplastica.png","width":1029,"height":585},{"@type":"BreadcrumbList","@id":"https:\/\/keepcleanandrun.com\/index.php\/keep-clean-and-run-2019\/#breadcrumb","itemListElement":[{"@type":"ListItem","position":1,"name":"Home","item":"https:\/\/keepcleanandrun.com\/"},{"@type":"ListItem","position":2,"name":"Keep Clean and Run 2019"}]},{"@type":"WebSite","@id":"https:\/\/keepcleanandrun.com\/#website","url":"https:\/\/keepcleanandrun.com\/","name":"Keep Clean and run","description":"","potentialAction":[{"@type":"SearchAction","target":{"@type":"EntryPoint","urlTemplate":"https:\/\/keepcleanandrun.com\/?s={search_term_string}"},"query-input":{"@type":"PropertyValueSpecification","valueRequired":true,"valueName":"search_term_string"}}],"inLanguage":"it-IT"}]}},"jetpack_sharing_enabled":true,"_links":{"self":[{"href":"https:\/\/keepcleanandrun.com\/index.php\/wp-json\/wp\/v2\/pages\/764","targetHints":{"allow":["GET"]}}],"collection":[{"href":"https:\/\/keepcleanandrun.com\/index.php\/wp-json\/wp\/v2\/pages"}],"about":[{"href":"https:\/\/keepcleanandrun.com\/index.php\/wp-json\/wp\/v2\/types\/page"}],"author":[{"embeddable":true,"href":"https:\/\/keepcleanandrun.com\/index.php\/wp-json\/wp\/v2\/users\/1"}],"replies":[{"embeddable":true,"href":"https:\/\/keepcleanandrun.com\/index.php\/wp-json\/wp\/v2\/comments?post=764"}],"version-history":[{"count":9,"href":"https:\/\/keepcleanandrun.com\/index.php\/wp-json\/wp\/v2\/pages\/764\/revisions"}],"predecessor-version":[{"id":797,"href":"https:\/\/keepcleanandrun.com\/index.php\/wp-json\/wp\/v2\/pages\/764\/revisions\/797"}],"wp:attachment":[{"href":"https:\/\/keepcleanandrun.com\/index.php\/wp-json\/wp\/v2\/media?parent=764"}],"curies":[{"name":"wp","href":"https:\/\/api.w.org\/{rel}","templated":true}]}}