{"id":273,"date":"2020-04-16T10:19:12","date_gmt":"2020-04-16T10:19:12","guid":{"rendered":"https:\/\/keepcleanandrun.com\/?page_id=273"},"modified":"2020-07-09T10:10:14","modified_gmt":"2020-07-09T10:10:14","slug":"keep-clean-and-run-solidale","status":"publish","type":"page","link":"https:\/\/keepcleanandrun.com\/index.php\/keep-clean-and-run-solidale\/","title":{"rendered":"Keep Clean and Run Solidale"},"content":{"rendered":"\n<p>Keep Clean and Run si sposta a settembre e aggiunge alle motivazioni ambientali, <strong>un messaggio e un contributo di solidariet\u00e0<\/strong> per chi \u00e8 stato pi\u00f9 duramente <strong>colpito dall\u2019epidemia del Covid19<\/strong>.<br>Abbiamo quindi avviato una raccolta fondi destinati alla <strong>Caritas Italiana<\/strong> che sosterr\u00e0, uno o pi\u00f9 progetti di attenzione&nbsp; per l\u2019ambiente e lo sviluppo sostenibile<strong>.<\/strong><\/p>\n\n\n\n<p>In coerenza, quindi, con il nuovo slogan \u201cKeep Clean And Run for Peace\u201d <strong>ecco le possibilit\u00e0 di contribuire<\/strong> in modo concreto a questo progetto solidale:<\/p>\n\n\n\n<h2 class=\"has-text-color wp-block-heading\" style=\"color:#4b9941\"><a href=\"https:\/\/keepcleanandrun.com\/index.php\/campionato-mondiale-plogging\/\">Edizione pilota del campionato del mondo di plogging<\/a><\/h2>\n\n\n\n<p><a aria-label=\"undefined (apri in una nuova scheda)\" href=\"https:\/\/keepcleanandrun.com\/index.php\/campionato-mondiale-plogging\/\" target=\"_blank\" rel=\"noreferrer noopener\">Partecipa all&#8217;<strong>edizione pilota del campionato mondiale di plogging<\/strong><\/a>: : Dal 4 al 6 settembre sar\u00e0 possibile correre virtualmente al fianco del KCR, dando vita al KCR Solidale\u201d. Gli atleti, suddivisi in discipline &#8211; <strong>Walk, Running, TrailRunning<\/strong> &#8211; iscrivendosi tramite il portale <strong>WeDoSport<\/strong>, si potr\u00e0 partecipare alla competizione con un costo di iscrizione simbolico (3-5 euro), il cui incasso sar\u00e0 devoluto alla Caritas Italiana. Le discipline Running e Trailrunning origineranno una classifica a punti basata su distanza percorsa \u2013 tempo \u2013 dislivello e quantit\u00e0 di rifiuti raccolti; la disciplina del trailrunning sar\u00e0 anche l\u2019<strong>edizione ZERO del campionato del mondo di plogging<\/strong>.<\/p>\n\n\n\n<p>Si premieranno <strong>6 categorie<\/strong>: under &amp; over 45 anni \u2013 maschi e femmine \u2013 running e trailrunning, oltre a 2 premi speciali per la donna e l\u2019uomo che avranno raccolto pi\u00f9 rifiuti, per un totale di <strong>26 premi<\/strong>.<\/p>\n\n\n\n<div class=\"wp-block-buttons aligncenter is-layout-flex wp-block-buttons-is-layout-flex\">\n<div class=\"wp-block-button\"><a class=\"wp-block-button__link has-text-color has-background has-very-light-gray-background-color\" href=\"https:\/\/keepcleanandrun.com\/index.php\/kcr-solidale-unisciti-alla-corsa\/\" style=\"color:#419237\" target=\"_blank\" rel=\"noreferrer noopener\">Scopri come partecipare<\/a><\/div>\n<\/div>\n\n\n\n<h2 class=\"has-text-color wp-block-heading\" style=\"color:#4b9941\"><a href=\"https:\/\/keepcleanandrun.com\/index.php\/immondezza-la-bellezza-salvera-il-mondo\/\">Vedi il docufilm &#8220;Immondezza &#8211; la bellezza salver\u00e0 il mondo&#8221;<\/a><\/h2>\n\n\n\n<p><strong>Ulteriore <\/strong>possibilit\u00e0 di sostenere il progetto \u00e8 <a rel=\"noreferrer noopener\" href=\"https:\/\/keepcleanandrun.com\/index.php\/immondezza-la-bellezza-salvera-il-mondo\/\" target=\"_blank\"><strong>vedere in streaming<\/strong> direttamente da casa  il docufilm<\/a> \u201c<strong>Immondezza \u2013 la bellezza salver\u00e0 il mondo<\/strong>\u201d &nbsp;(2018) \u2013 <a rel=\"noreferrer noopener\" href=\"http:\/\/www.immondezza.it\" target=\"_blank\">www.immondezza.it<\/a> &#8211; per la regia di <strong>Mimmo Calopresti<\/strong> vincitore, tra gli altri, dell\u2019Awarness Festival di Los Angeles, che racconta la corsa di Roberto Cavallo tra il Vesuvio e l\u2019Etna. <br> <strong>Per ogni visualizzazione AICA doner\u00e0 2 euro<\/strong>.<\/p>\n\n\n\n<div style=\"text-align:center\">\n<iframe loading=\"lazy\" src=\"https:\/\/player.vimeo.com\/video\/408024525\" allow=\"autoplay; fullscreen\" allowfullscreen=\"\" width=\"640\" height=\"360\" frameborder=\"0\"><\/iframe>\n<p><a href=\"https:\/\/vimeo.com\/408024525\">Immondezza &#8211; La bellezza salver\u00e0 il mondo<\/a> from <a href=\"https:\/\/vimeo.com\/user66958804\">ERICA-AICA<\/a> on <a href=\"https:\/\/vimeo.com\">Vimeo<\/a>.\n<\/div>\n<\/p>\n\n\n\n<div class=\"wp-block-buttons aligncenter is-layout-flex wp-block-buttons-is-layout-flex\">\n<div class=\"wp-block-button\"><a class=\"wp-block-button__link has-text-color has-background has-very-light-gray-background-color\" href=\"immondezza-la-bellezza-salvera-il-mondo\" style=\"color:#419237\" target=\"_blank\" rel=\"noreferrer noopener\">Scopri di pi\u00f9 su Immondezza<\/a><\/div>\n<\/div>\n\n\n\n<h2 class=\"has-text-color wp-block-heading\" style=\"color:#4b9941\"><a href=\"https:\/\/keepcleanandrun.com\/index.php\/i-libri-di-keep-clean-and-run\/\">Leggi uno dei libri sul Keep Clean and Run<\/a><\/h2>\n\n\n\n<ul class=\"wp-block-list\"><li>La terza possibilit\u00e0 \u00e9 quella di acquistare uno dei<a href=\"https:\/\/keepcleanandrun.com\/index.php\/i-libri-di-keep-clean-and-run\/\" target=\"_blank\" rel=\"noreferrer noopener\"><strong> libri<\/strong> usciti sul Keep Clean and Run<\/a>, anche in questo caso per ogni libro<strong> AICA si impegna a devolvere 2 euro.<\/strong><\/li><\/ul>\n\n\n\n<div class=\"wp-block-buttons aligncenter is-layout-flex wp-block-buttons-is-layout-flex\">\n<div class=\"wp-block-button\"><a class=\"wp-block-button__link has-text-color has-vivid-green-cyan-color\" href=\"https:\/\/www.cooperica.it\/prodotto\/keep-clean-and-run\/\" target=\"_blank\" rel=\"noreferrer noopener\">&#8220;Keep Clean and Run &#8211; Volume 1&#8221;<\/a><\/div>\n\n\n\n<div class=\"wp-block-button\"><a class=\"wp-block-button__link has-text-color has-vivid-cyan-blue-color\" href=\"https:\/\/www.cooperica.it\/prodotto\/keep-clean-and-run-2\/\" target=\"_blank\" rel=\"noreferrer noopener\">\u201cKeep Clean and Run &#8211; Volume 2&#8243;<\/a><\/div>\n<\/div>\n\n\n\n<div class=\"wp-block-buttons aligncenter is-layout-flex wp-block-buttons-is-layout-flex\">\n<div class=\"wp-block-button\"><a class=\"wp-block-button__link has-text-color has-background has-very-light-gray-background-color\" href=\"https:\/\/keepcleanandrun.com\/index.php\/i-libri-di-keep-clean-and-run\/\" style=\"color:#419237\" target=\"_blank\" rel=\"noreferrer noopener\">Scopri di pi\u00f9 sui libri<\/a><\/div>\n<\/div>\n\n\n\n<p><\/p>\n\n\n\n<blockquote class=\"wp-block-quote is-layout-flow wp-block-quote-is-layout-flow\"><p>Come ricorda Roberto Cavallo, ecoatleta e protagonista del KCR:<\/p><cite>\u201cL\u2019impego di tutti in questo momento, anche con modalit\u00e0 a distanza \u00e8 per noi la priorit\u00e0, cos\u00ec come la sensibilizzazione verso comportamenti nuovi e pi\u00f9 rispettosi dopo questa fase di pandemia. Il mondo dopo deve essere pi\u00f9 pulito e noi possiamo fare molto per contribuire a sensibilizzare e diffondere una nuova modalit\u00e0 di fruizione anche divertendoci e tornando a correre e raccogliere il prima possibile\u201d.<\/cite><\/blockquote>\n\n\n\n<p><\/p>\n","protected":false},"excerpt":{"rendered":"<p>Keep Clean and Run si sposta a settembre e aggiunge alle motivazioni ambientali, un messaggio e un contributo di solidariet\u00e0 per chi \u00e8 stato pi\u00f9 duramente colpito dall\u2019epidemia del Covid19.Abbiamo quindi avviato una raccolta fondi destinati alla Caritas Italiana che sosterr\u00e0, uno o pi\u00f9 progetti di attenzione&nbsp; per l\u2019ambiente e lo sviluppo sostenibile. In coerenza, &hellip; <\/p>\n<p class=\"link-more\"><a href=\"https:\/\/keepcleanandrun.com\/index.php\/keep-clean-and-run-solidale\/\" class=\"more-link\">Leggi tutto<span class=\"screen-reader-text\"> &#8220;Keep Clean and Run Solidale&#8221;<\/span><\/a><\/p>\n","protected":false},"author":1,"featured_media":0,"parent":0,"menu_order":0,"comment_status":"closed","ping_status":"closed","template":"","meta":{"ngg_post_thumbnail":0,"footnotes":""},"class_list":["post-273","page","type-page","status-publish","hentry"],"yoast_head":"<!-- This site is optimized with the Yoast SEO plugin v27.4 - https:\/\/yoast.com\/product\/yoast-seo-wordpress\/ -->\n<title>Keep Clean and Run Solidale - Keep Clean and run<\/title>\n<meta name=\"description\" content=\"Il KCR si sposta a settembre e aggiunge un messaggio e un contributo di solidariet\u00e0 per chi \u00e8 stato pi\u00f9 duramente colpito dall\u2019epidemia del Covid19\" \/>\n<meta name=\"robots\" content=\"index, follow, max-snippet:-1, max-image-preview:large, max-video-preview:-1\" \/>\n<link rel=\"canonical\" href=\"https:\/\/keepcleanandrun.com\/index.php\/keep-clean-and-run-solidale\/\" \/>\n<meta property=\"og:locale\" content=\"it_IT\" \/>\n<meta property=\"og:type\" content=\"article\" \/>\n<meta property=\"og:title\" content=\"Keep Clean and Run Solidale - Keep Clean and run\" \/>\n<meta property=\"og:description\" content=\"Il KCR si sposta a settembre e aggiunge un messaggio e un contributo di solidariet\u00e0 per chi \u00e8 stato pi\u00f9 duramente colpito dall\u2019epidemia del Covid19\" \/>\n<meta property=\"og:url\" content=\"https:\/\/keepcleanandrun.com\/index.php\/keep-clean-and-run-solidale\/\" \/>\n<meta property=\"og:site_name\" content=\"Keep Clean and run\" \/>\n<meta property=\"article:publisher\" content=\"https:\/\/www.facebook.com\/ENVI.INFO\/\" \/>\n<meta property=\"article:modified_time\" content=\"2020-07-09T10:10:14+00:00\" \/>\n<meta name=\"twitter:card\" content=\"summary_large_image\" \/>\n<meta name=\"twitter:site\" content=\"@EnviInfo\" \/>\n<meta name=\"twitter:label1\" content=\"Tempo di lettura stimato\" \/>\n\t<meta name=\"twitter:data1\" content=\"2 minuti\" \/>\n<script type=\"application\/ld+json\" class=\"yoast-schema-graph\">{\"@context\":\"https:\\\/\\\/schema.org\",\"@graph\":[{\"@type\":\"WebPage\",\"@id\":\"https:\\\/\\\/keepcleanandrun.com\\\/index.php\\\/keep-clean-and-run-solidale\\\/\",\"url\":\"https:\\\/\\\/keepcleanandrun.com\\\/index.php\\\/keep-clean-and-run-solidale\\\/\",\"name\":\"Keep Clean and Run Solidale - Keep Clean and run\",\"isPartOf\":{\"@id\":\"https:\\\/\\\/keepcleanandrun.com\\\/#website\"},\"datePublished\":\"2020-04-16T10:19:12+00:00\",\"dateModified\":\"2020-07-09T10:10:14+00:00\",\"description\":\"Il KCR si sposta a settembre e aggiunge un messaggio e un contributo di solidariet\u00e0 per chi \u00e8 stato pi\u00f9 duramente colpito dall\u2019epidemia del Covid19\",\"breadcrumb\":{\"@id\":\"https:\\\/\\\/keepcleanandrun.com\\\/index.php\\\/keep-clean-and-run-solidale\\\/#breadcrumb\"},\"inLanguage\":\"it-IT\",\"potentialAction\":[{\"@type\":\"ReadAction\",\"target\":[\"https:\\\/\\\/keepcleanandrun.com\\\/index.php\\\/keep-clean-and-run-solidale\\\/\"]}]},{\"@type\":\"BreadcrumbList\",\"@id\":\"https:\\\/\\\/keepcleanandrun.com\\\/index.php\\\/keep-clean-and-run-solidale\\\/#breadcrumb\",\"itemListElement\":[{\"@type\":\"ListItem\",\"position\":1,\"name\":\"Home\",\"item\":\"https:\\\/\\\/keepcleanandrun.com\\\/\"},{\"@type\":\"ListItem\",\"position\":2,\"name\":\"Keep Clean and Run Solidale\"}]},{\"@type\":\"WebSite\",\"@id\":\"https:\\\/\\\/keepcleanandrun.com\\\/#website\",\"url\":\"https:\\\/\\\/keepcleanandrun.com\\\/\",\"name\":\"Keep Clean and run\",\"description\":\"\",\"potentialAction\":[{\"@type\":\"SearchAction\",\"target\":{\"@type\":\"EntryPoint\",\"urlTemplate\":\"https:\\\/\\\/keepcleanandrun.com\\\/?s={search_term_string}\"},\"query-input\":{\"@type\":\"PropertyValueSpecification\",\"valueRequired\":true,\"valueName\":\"search_term_string\"}}],\"inLanguage\":\"it-IT\"}]}<\/script>\n<!-- \/ Yoast SEO plugin. -->","yoast_head_json":{"title":"Keep Clean and Run Solidale - Keep Clean and run","description":"Il KCR si sposta a settembre e aggiunge un messaggio e un contributo di solidariet\u00e0 per chi \u00e8 stato pi\u00f9 duramente colpito dall\u2019epidemia del Covid19","robots":{"index":"index","follow":"follow","max-snippet":"max-snippet:-1","max-image-preview":"max-image-preview:large","max-video-preview":"max-video-preview:-1"},"canonical":"https:\/\/keepcleanandrun.com\/index.php\/keep-clean-and-run-solidale\/","og_locale":"it_IT","og_type":"article","og_title":"Keep Clean and Run Solidale - Keep Clean and run","og_description":"Il KCR si sposta a settembre e aggiunge un messaggio e un contributo di solidariet\u00e0 per chi \u00e8 stato pi\u00f9 duramente colpito dall\u2019epidemia del Covid19","og_url":"https:\/\/keepcleanandrun.com\/index.php\/keep-clean-and-run-solidale\/","og_site_name":"Keep Clean and run","article_publisher":"https:\/\/www.facebook.com\/ENVI.INFO\/","article_modified_time":"2020-07-09T10:10:14+00:00","twitter_card":"summary_large_image","twitter_site":"@EnviInfo","twitter_misc":{"Tempo di lettura stimato":"2 minuti"},"schema":{"@context":"https:\/\/schema.org","@graph":[{"@type":"WebPage","@id":"https:\/\/keepcleanandrun.com\/index.php\/keep-clean-and-run-solidale\/","url":"https:\/\/keepcleanandrun.com\/index.php\/keep-clean-and-run-solidale\/","name":"Keep Clean and Run Solidale - Keep Clean and run","isPartOf":{"@id":"https:\/\/keepcleanandrun.com\/#website"},"datePublished":"2020-04-16T10:19:12+00:00","dateModified":"2020-07-09T10:10:14+00:00","description":"Il KCR si sposta a settembre e aggiunge un messaggio e un contributo di solidariet\u00e0 per chi \u00e8 stato pi\u00f9 duramente colpito dall\u2019epidemia del Covid19","breadcrumb":{"@id":"https:\/\/keepcleanandrun.com\/index.php\/keep-clean-and-run-solidale\/#breadcrumb"},"inLanguage":"it-IT","potentialAction":[{"@type":"ReadAction","target":["https:\/\/keepcleanandrun.com\/index.php\/keep-clean-and-run-solidale\/"]}]},{"@type":"BreadcrumbList","@id":"https:\/\/keepcleanandrun.com\/index.php\/keep-clean-and-run-solidale\/#breadcrumb","itemListElement":[{"@type":"ListItem","position":1,"name":"Home","item":"https:\/\/keepcleanandrun.com\/"},{"@type":"ListItem","position":2,"name":"Keep Clean and Run Solidale"}]},{"@type":"WebSite","@id":"https:\/\/keepcleanandrun.com\/#website","url":"https:\/\/keepcleanandrun.com\/","name":"Keep Clean and run","description":"","potentialAction":[{"@type":"SearchAction","target":{"@type":"EntryPoint","urlTemplate":"https:\/\/keepcleanandrun.com\/?s={search_term_string}"},"query-input":{"@type":"PropertyValueSpecification","valueRequired":true,"valueName":"search_term_string"}}],"inLanguage":"it-IT"}]}},"jetpack_sharing_enabled":true,"_links":{"self":[{"href":"https:\/\/keepcleanandrun.com\/index.php\/wp-json\/wp\/v2\/pages\/273","targetHints":{"allow":["GET"]}}],"collection":[{"href":"https:\/\/keepcleanandrun.com\/index.php\/wp-json\/wp\/v2\/pages"}],"about":[{"href":"https:\/\/keepcleanandrun.com\/index.php\/wp-json\/wp\/v2\/types\/page"}],"author":[{"embeddable":true,"href":"https:\/\/keepcleanandrun.com\/index.php\/wp-json\/wp\/v2\/users\/1"}],"replies":[{"embeddable":true,"href":"https:\/\/keepcleanandrun.com\/index.php\/wp-json\/wp\/v2\/comments?post=273"}],"version-history":[{"count":39,"href":"https:\/\/keepcleanandrun.com\/index.php\/wp-json\/wp\/v2\/pages\/273\/revisions"}],"predecessor-version":[{"id":463,"href":"https:\/\/keepcleanandrun.com\/index.php\/wp-json\/wp\/v2\/pages\/273\/revisions\/463"}],"wp:attachment":[{"href":"https:\/\/keepcleanandrun.com\/index.php\/wp-json\/wp\/v2\/media?parent=273"}],"curies":[{"name":"wp","href":"https:\/\/api.w.org\/{rel}","templated":true}]}}