{"id":2011,"date":"2024-04-24T15:25:39","date_gmt":"2024-04-24T15:25:39","guid":{"rendered":"https:\/\/keepcleanandrun.com\/?page_id=2011"},"modified":"2025-09-15T08:48:08","modified_gmt":"2025-09-15T08:48:08","slug":"7-maratone-di-plogging-7-giorni-7-citta","status":"publish","type":"page","link":"https:\/\/keepcleanandrun.com\/index.php\/7-maratone-di-plogging-7-giorni-7-citta\/","title":{"rendered":"Keep Clean and Run #pulisciecorri | Decima edizione"},"content":{"rendered":"\n<p><strong>7 MARATONE (DI PLOGGING), 7 GIORNI, 7 CITTA\u2019<\/strong><\/p>\n\n\n\n<p><em>Sette maratone di plogging in sette giorni consecutivi in sette citt\u00e0 diverse:<\/em> <em>la decima edizione di Keep Clean and Run \u00e8 stata un\u2019impresa sportiva dall\u2019importante risvolto ambientale coronata dall\u2019incontro con Papa Francesco<\/em>.<\/p>\n\n\n\n<div class=\"wp-block-buttons is-content-justification-center is-layout-flex wp-container-core-buttons-is-layout-16018d1d wp-block-buttons-is-layout-flex\">\n<div class=\"wp-block-button has-custom-font-size is-style-fill has-small-font-size\"><a class=\"wp-block-button__link has-electric-grass-gradient-background has-background wp-element-button\" href=\"https:\/\/keepcleanandrun.com\/index.php\/partners-keep-clean-and-run\/\">Partner 2024<\/a><\/div>\n\n\n\n<div class=\"wp-block-button has-custom-font-size is-style-fill has-small-font-size\"><a class=\"wp-block-button__link has-electric-grass-gradient-background has-background wp-element-button\" href=\"https:\/\/keepcleanandrun.com\/index.php\/rassegna-stampa\/\">Rassegna Stampa 2024<\/a><\/div>\n\n\n\n<div class=\"wp-block-button has-custom-font-size is-style-fill has-small-font-size\"><a class=\"wp-block-button__link has-electric-grass-gradient-background has-background wp-element-button\" href=\"https:\/\/drive.google.com\/drive\/folders\/11hAL694GQeYDiuf6eABr5-HfEt-MczHL\">Foto<\/a><\/div>\n\n\n\n<div class=\"wp-block-button has-custom-font-size is-style-fill has-small-font-size\"><a class=\"wp-block-button__link has-electric-grass-gradient-background has-background wp-element-button\" href=\"https:\/\/drive.google.com\/drive\/folders\/1A8kP8_VfZ3mgPpJq3ytZUkDit867FAy9?usp=sharing\" style=\"border-radius:100px\">Roadbook<\/a><\/div>\n\n\n\n<div class=\"wp-block-button has-custom-font-size is-style-fill has-small-font-size\"><a class=\"wp-block-button__link has-electric-grass-gradient-background has-background wp-element-button\" href=\"https:\/\/drive.google.com\/drive\/folders\/1Yr2Nvuq1NtGa1348PzhKhzlFUiaULown?usp=drive_link\" style=\"border-radius:100px\">Press kit<\/a><\/div>\n<\/div>\n\n\n\n<p>Dopo aver percorso tutta l\u2019Italia nelle precedenti nove edizioni, quest\u2019anno <strong>Keep Clean<br>and Run<\/strong> ha toccato, dal <strong>17 al 23 aprile<\/strong>, sette diverse aree metropolitane dove Roberto Cavallo e i plogger che lo accompagneranno porteranno a termine l\u2019impresa di realizzare sette maratone, non solo correndo, ma anche raccogliendo i rifiuti lungo i tracciati. Un format che prevede il coinvolgimento e il dialogo con le amministrazioni comunali, le scuole e le associazioni sportive e ambientali dei territori. Le aree metropolitane interessate sono state: <strong>Torino <\/strong>(17 aprile), <strong>Milano<\/strong> (18 aprile), <strong>Bologna<\/strong> (19 aprile), <strong>Firenze <\/strong>(20 aprile), <strong>Perugia e Assisi<\/strong> (21 aprile), <strong>L\u2019Aquila <\/strong>(22 aprile, evento in occasione della giornata mondiale della Terra) e <strong>Roma <\/strong>(23 aprile), i comuni coinvolti in totale 40.<\/p>\n\n\n\n<h1 class=\"wp-block-heading has-text-color has-link-color wp-elements-5d7d3acab19fec15988260513fbdb383\" style=\"color:#419438\">Tappe<\/h1>\n\n\n\n<figure class=\"wp-block-table\"><table class=\"has-fixed-layout\"><thead><tr><th>Data<\/th><th>Partenza \ud83d\udccc<\/th><th>Arrivo \ud83c\udfc1<\/th><\/tr><\/thead><tbody><tr><td>Tappa 1 | 17 aprile 2024<\/td><td>Collegno<\/td><td>Torino<\/td><\/tr><tr><td>Tappa 2 | 18 aprile 2024<\/td><td>Corbetta<\/td><td>Milano<\/td><\/tr><tr><td>Tappa 3 | 19 aprile 2024<\/td><td>Marzabotto<\/td><td>Bologna<\/td><\/tr><tr><td>Tappa 4 | 20 aprile 2024<\/td><td>Rufina<\/td><td>Firenze<\/td><\/tr><tr><td>Tappa 5 | 21 aprile 2024<\/td><td>Perugia<\/td><td>Assisi<\/td><\/tr><tr><td>Tappa 6 | 22 aprile 2024<\/td><td>L&#8217;Aquila<\/td><td>L&#8217;Aquila<\/td><\/tr><tr><td>Tappa 7 | 23 aprile 2024<\/td><td>Anguillara Sabbazia<\/td><td>Roma<\/td><\/tr><\/tbody><\/table><\/figure>\n\n\n\n<p>Roberto Cavallo e Oliviero Alotto hanno corso oltre 300 km raccogliendo i rifiuti incontrati sul percorso e sostenendo iniziative di pulizia nei comuni che hanno aderito alla manifestazione.\u00a0<\/p>\n\n\n\n<p><strong>A seguito dell\u2019ultima tappa di Roma, Roberto Cavallo e una delegazione di sponsor e partner della manifestazione sono stati ricevuti in Vaticano da Papa Francesco.<\/strong><\/p>\n\n\n\n<p>Per tutti e sette i giorni, durante le azioni di pulizia lungo il percorso si sono unite ai due eco-runner ben 1211 persone, tra cui podisti, volontari e oltre 800 studenti delle scuole. I rifiuti raccolti nel corso delle sette maratone di&nbsp;<em>plogging<\/em>&nbsp;da Roberto Cavallo e Oliviero Alotto e quelli delle azioni di pulizia con la partecipazione di studenti e cittadini pesano 260 k. Il bottino \u00e8 stato diviso in carta e cartone, plastica, vetro, metalli e indifferenziato. Una quantit\u00e0 di rifiuti equivalente a 401 kg di CO2 non emessi nell\u2019atmosfera.<\/p>\n\n\n\n<p>\u00ab<em>Abbiamo corso, piegato le gambe, incrociato sorrisi, ascoltato testimonianze e raccolto rifiuti, con la consapevolezza che \u00e8 un piccolo gesto che unito a quello di tanti altri contribuisce a far crescere la speranza: perch\u00e9 un luogo pulito \u00e8 in armonia, in pace&nbsp;<\/em>\u2013 ha affermato&nbsp;<strong>Roberto Cavallo<\/strong>&nbsp;\u2013<em>&nbsp;L\u2019accoglienza di Papa Francesco e la sua esortazione alla pace ha suggellato una decima edizione di Keep Clean And Run davvero emozionante<\/em>\u00bb.<\/p>\n\n\n\n<figure class=\"wp-block-image\"><img loading=\"lazy\" decoding=\"async\" width=\"1024\" height=\"683\" src=\"https:\/\/keepcleanandrun.com\/wp-content\/uploads\/2024\/04\/KCR-2024_Torino_Foto-del-Giorno_PH-Stefano-Jeantet-1-1024x683.jpg\" alt=\"\" class=\"wp-image-2006\" srcset=\"https:\/\/keepcleanandrun.com\/wp-content\/uploads\/2024\/04\/KCR-2024_Torino_Foto-del-Giorno_PH-Stefano-Jeantet-1-1024x683.jpg 1024w, https:\/\/keepcleanandrun.com\/wp-content\/uploads\/2024\/04\/KCR-2024_Torino_Foto-del-Giorno_PH-Stefano-Jeantet-1-300x200.jpg 300w, https:\/\/keepcleanandrun.com\/wp-content\/uploads\/2024\/04\/KCR-2024_Torino_Foto-del-Giorno_PH-Stefano-Jeantet-1-768x512.jpg 768w, https:\/\/keepcleanandrun.com\/wp-content\/uploads\/2024\/04\/KCR-2024_Torino_Foto-del-Giorno_PH-Stefano-Jeantet-1-1536x1025.jpg 1536w, https:\/\/keepcleanandrun.com\/wp-content\/uploads\/2024\/04\/KCR-2024_Torino_Foto-del-Giorno_PH-Stefano-Jeantet-1-24x16.jpg 24w, https:\/\/keepcleanandrun.com\/wp-content\/uploads\/2024\/04\/KCR-2024_Torino_Foto-del-Giorno_PH-Stefano-Jeantet-1-36x24.jpg 36w, https:\/\/keepcleanandrun.com\/wp-content\/uploads\/2024\/04\/KCR-2024_Torino_Foto-del-Giorno_PH-Stefano-Jeantet-1-48x32.jpg 48w, https:\/\/keepcleanandrun.com\/wp-content\/uploads\/2024\/04\/KCR-2024_Torino_Foto-del-Giorno_PH-Stefano-Jeantet-1.jpg 2000w\" sizes=\"auto, (max-width: 767px) 89vw, (max-width: 1000px) 54vw, (max-width: 1071px) 543px, 580px\" \/><\/figure>\n\n\n\n<figure class=\"wp-block-image\"><img loading=\"lazy\" decoding=\"async\" width=\"1024\" height=\"683\" src=\"https:\/\/keepcleanandrun.com\/wp-content\/uploads\/2024\/04\/KCR-2024_Roma_Foto-del-Giorno_PH-Stefano-Jeantet-1-1024x683.jpg\" alt=\"\" class=\"wp-image-2007\" srcset=\"https:\/\/keepcleanandrun.com\/wp-content\/uploads\/2024\/04\/KCR-2024_Roma_Foto-del-Giorno_PH-Stefano-Jeantet-1-1024x683.jpg 1024w, https:\/\/keepcleanandrun.com\/wp-content\/uploads\/2024\/04\/KCR-2024_Roma_Foto-del-Giorno_PH-Stefano-Jeantet-1-300x200.jpg 300w, https:\/\/keepcleanandrun.com\/wp-content\/uploads\/2024\/04\/KCR-2024_Roma_Foto-del-Giorno_PH-Stefano-Jeantet-1-768x512.jpg 768w, https:\/\/keepcleanandrun.com\/wp-content\/uploads\/2024\/04\/KCR-2024_Roma_Foto-del-Giorno_PH-Stefano-Jeantet-1-1536x1025.jpg 1536w, https:\/\/keepcleanandrun.com\/wp-content\/uploads\/2024\/04\/KCR-2024_Roma_Foto-del-Giorno_PH-Stefano-Jeantet-1-24x16.jpg 24w, https:\/\/keepcleanandrun.com\/wp-content\/uploads\/2024\/04\/KCR-2024_Roma_Foto-del-Giorno_PH-Stefano-Jeantet-1-36x24.jpg 36w, https:\/\/keepcleanandrun.com\/wp-content\/uploads\/2024\/04\/KCR-2024_Roma_Foto-del-Giorno_PH-Stefano-Jeantet-1-48x32.jpg 48w, https:\/\/keepcleanandrun.com\/wp-content\/uploads\/2024\/04\/KCR-2024_Roma_Foto-del-Giorno_PH-Stefano-Jeantet-1.jpg 2000w\" sizes=\"auto, (max-width: 767px) 89vw, (max-width: 1000px) 54vw, (max-width: 1071px) 543px, 580px\" \/><\/figure>\n\n\n\n<p>La decima edizione ha il&nbsp;<strong>Patrocinio del Ministero dell\u2019Ambiente e della Sicurezza Energetica,&nbsp;<\/strong>del&nbsp;<strong>Senato della Repubblica&nbsp;<\/strong>e della&nbsp;<strong>Camera dei Deputati<\/strong>. Main sponsor \u00e8 A2A, i Gold sponsor sono Erion Care e Greentire, i Partner AssoAmbiente, Assocarta, Corepla, Ricrea, Scarpa e Utilitalia. Partner Tecnici: Montecolino, Montura, Relife e Morato Pane. &nbsp;&nbsp;<\/p>\n\n\n\n<h1 class=\"wp-block-heading has-text-color has-link-color wp-elements-6a81bfff7dcf27ec989a35b771fb03b2\" style=\"color:#419438\">Citizen\u2019s Science<\/h1>\n\n\n\n<p>Come ogni anno Keep Clean and Run 2024 \u00e8 stata occasione per un\u2019attivit\u00e0 di Citizen\u2019s Science, che quest\u2019anno ha riguardato il <strong>monitoraggio della qualit\u00e0 dell\u2019aria in area urbana<\/strong>: durante le tappe. Roberto Cavallo ha portato con s\u00e9 un \u201cnaso elettronico\u201d fornito dal ATMO in grado di raccogliere dati (es. polveri sottili e composti organici volatili) che aiuteranno a sensibilizzare il pubblico su quanto sia importante conoscere lo stato di salute del nostro ambiente, cos\u00ec da adottare comportamenti per il proprio benessere. Gli organizzatori sono accompagnati in questa ricerca dalla professionalit\u00e0 dei ricercatori di ENEA.<\/p>\n\n\n\n<p>L\u2019evento Keep Clean and Run nasce nell\u2019ambito e come lancio della campagna di  sensibilizzazione Europea Let\u2019s Clean Up Europe cui tutti i cittadini europei possono aderire iscrivendo la propria azione di pulizia o di plogging sul sito web: https:\/\/ewwr.eu\/takepart\/#LCUE .<\/p>\n","protected":false},"excerpt":{"rendered":"<p>7 MARATONE (DI PLOGGING), 7 GIORNI, 7 CITTA\u2019 Sette maratone di plogging in sette giorni consecutivi in sette citt\u00e0 diverse: la decima edizione di Keep Clean and Run \u00e8 stata un\u2019impresa sportiva dall\u2019importante risvolto ambientale coronata dall\u2019incontro con Papa Francesco. Dopo aver percorso tutta l\u2019Italia nelle precedenti nove edizioni, quest\u2019anno Keep Cleanand Run ha toccato, &hellip; <\/p>\n<p class=\"link-more\"><a href=\"https:\/\/keepcleanandrun.com\/index.php\/7-maratone-di-plogging-7-giorni-7-citta\/\" class=\"more-link\">Leggi tutto<span class=\"screen-reader-text\"> &#8220;Keep Clean and Run #pulisciecorri | Decima edizione&#8221;<\/span><\/a><\/p>\n","protected":false},"author":6,"featured_media":0,"parent":0,"menu_order":0,"comment_status":"closed","ping_status":"closed","template":"","meta":{"ngg_post_thumbnail":0,"footnotes":""},"class_list":["post-2011","page","type-page","status-publish","hentry"],"yoast_head":"<!-- This site is optimized with the Yoast SEO plugin v27.4 - https:\/\/yoast.com\/product\/yoast-seo-wordpress\/ -->\n<title>Keep Clean and Run #pulisciecorri | Decima edizione - Keep Clean and run<\/title>\n<meta name=\"robots\" content=\"index, follow, max-snippet:-1, max-image-preview:large, max-video-preview:-1\" \/>\n<link rel=\"canonical\" href=\"https:\/\/keepcleanandrun.com\/index.php\/7-maratone-di-plogging-7-giorni-7-citta\/\" \/>\n<meta property=\"og:locale\" content=\"it_IT\" \/>\n<meta property=\"og:type\" content=\"article\" \/>\n<meta property=\"og:title\" content=\"Keep Clean and Run #pulisciecorri | Decima edizione - Keep Clean and run\" \/>\n<meta property=\"og:description\" content=\"7 MARATONE (DI PLOGGING), 7 GIORNI, 7 CITTA\u2019 Sette maratone di plogging in sette giorni consecutivi in sette citt\u00e0 diverse: la decima edizione di Keep Clean and Run \u00e8 stata un\u2019impresa sportiva dall\u2019importante risvolto ambientale coronata dall\u2019incontro con Papa Francesco. Dopo aver percorso tutta l\u2019Italia nelle precedenti nove edizioni, quest\u2019anno Keep Cleanand Run ha toccato, &hellip; Leggi tutto &quot;Keep Clean and Run #pulisciecorri | Decima edizione&quot;\" \/>\n<meta property=\"og:url\" content=\"https:\/\/keepcleanandrun.com\/index.php\/7-maratone-di-plogging-7-giorni-7-citta\/\" \/>\n<meta property=\"og:site_name\" content=\"Keep Clean and run\" \/>\n<meta property=\"article:publisher\" content=\"https:\/\/www.facebook.com\/ENVI.INFO\/\" \/>\n<meta property=\"article:modified_time\" content=\"2025-09-15T08:48:08+00:00\" \/>\n<meta property=\"og:image\" content=\"https:\/\/keepcleanandrun.com\/wp-content\/uploads\/2024\/04\/KCR-2024_Torino_Foto-del-Giorno_PH-Stefano-Jeantet-1-1024x683.jpg\" \/>\n<meta name=\"twitter:card\" content=\"summary_large_image\" \/>\n<meta name=\"twitter:site\" content=\"@EnviInfo\" \/>\n<meta name=\"twitter:label1\" content=\"Tempo di lettura stimato\" \/>\n\t<meta name=\"twitter:data1\" content=\"4 minuti\" \/>\n<script type=\"application\/ld+json\" class=\"yoast-schema-graph\">{\"@context\":\"https:\\\/\\\/schema.org\",\"@graph\":[{\"@type\":\"WebPage\",\"@id\":\"https:\\\/\\\/keepcleanandrun.com\\\/index.php\\\/7-maratone-di-plogging-7-giorni-7-citta\\\/\",\"url\":\"https:\\\/\\\/keepcleanandrun.com\\\/index.php\\\/7-maratone-di-plogging-7-giorni-7-citta\\\/\",\"name\":\"Keep Clean and Run #pulisciecorri | Decima edizione - Keep Clean and run\",\"isPartOf\":{\"@id\":\"https:\\\/\\\/keepcleanandrun.com\\\/#website\"},\"primaryImageOfPage\":{\"@id\":\"https:\\\/\\\/keepcleanandrun.com\\\/index.php\\\/7-maratone-di-plogging-7-giorni-7-citta\\\/#primaryimage\"},\"image\":{\"@id\":\"https:\\\/\\\/keepcleanandrun.com\\\/index.php\\\/7-maratone-di-plogging-7-giorni-7-citta\\\/#primaryimage\"},\"thumbnailUrl\":\"https:\\\/\\\/keepcleanandrun.com\\\/wp-content\\\/uploads\\\/2024\\\/04\\\/KCR-2024_Torino_Foto-del-Giorno_PH-Stefano-Jeantet-1-1024x683.jpg\",\"datePublished\":\"2024-04-24T15:25:39+00:00\",\"dateModified\":\"2025-09-15T08:48:08+00:00\",\"breadcrumb\":{\"@id\":\"https:\\\/\\\/keepcleanandrun.com\\\/index.php\\\/7-maratone-di-plogging-7-giorni-7-citta\\\/#breadcrumb\"},\"inLanguage\":\"it-IT\",\"potentialAction\":[{\"@type\":\"ReadAction\",\"target\":[\"https:\\\/\\\/keepcleanandrun.com\\\/index.php\\\/7-maratone-di-plogging-7-giorni-7-citta\\\/\"]}]},{\"@type\":\"ImageObject\",\"inLanguage\":\"it-IT\",\"@id\":\"https:\\\/\\\/keepcleanandrun.com\\\/index.php\\\/7-maratone-di-plogging-7-giorni-7-citta\\\/#primaryimage\",\"url\":\"https:\\\/\\\/keepcleanandrun.com\\\/wp-content\\\/uploads\\\/2024\\\/04\\\/KCR-2024_Torino_Foto-del-Giorno_PH-Stefano-Jeantet-1.jpg\",\"contentUrl\":\"https:\\\/\\\/keepcleanandrun.com\\\/wp-content\\\/uploads\\\/2024\\\/04\\\/KCR-2024_Torino_Foto-del-Giorno_PH-Stefano-Jeantet-1.jpg\",\"width\":2000,\"height\":1334},{\"@type\":\"BreadcrumbList\",\"@id\":\"https:\\\/\\\/keepcleanandrun.com\\\/index.php\\\/7-maratone-di-plogging-7-giorni-7-citta\\\/#breadcrumb\",\"itemListElement\":[{\"@type\":\"ListItem\",\"position\":1,\"name\":\"Home\",\"item\":\"https:\\\/\\\/keepcleanandrun.com\\\/\"},{\"@type\":\"ListItem\",\"position\":2,\"name\":\"Keep Clean and Run #pulisciecorri | Decima edizione\"}]},{\"@type\":\"WebSite\",\"@id\":\"https:\\\/\\\/keepcleanandrun.com\\\/#website\",\"url\":\"https:\\\/\\\/keepcleanandrun.com\\\/\",\"name\":\"Keep Clean and run\",\"description\":\"\",\"potentialAction\":[{\"@type\":\"SearchAction\",\"target\":{\"@type\":\"EntryPoint\",\"urlTemplate\":\"https:\\\/\\\/keepcleanandrun.com\\\/?s={search_term_string}\"},\"query-input\":{\"@type\":\"PropertyValueSpecification\",\"valueRequired\":true,\"valueName\":\"search_term_string\"}}],\"inLanguage\":\"it-IT\"}]}<\/script>\n<!-- \/ Yoast SEO plugin. -->","yoast_head_json":{"title":"Keep Clean and Run #pulisciecorri | Decima edizione - Keep Clean and run","robots":{"index":"index","follow":"follow","max-snippet":"max-snippet:-1","max-image-preview":"max-image-preview:large","max-video-preview":"max-video-preview:-1"},"canonical":"https:\/\/keepcleanandrun.com\/index.php\/7-maratone-di-plogging-7-giorni-7-citta\/","og_locale":"it_IT","og_type":"article","og_title":"Keep Clean and Run #pulisciecorri | Decima edizione - Keep Clean and run","og_description":"7 MARATONE (DI PLOGGING), 7 GIORNI, 7 CITTA\u2019 Sette maratone di plogging in sette giorni consecutivi in sette citt\u00e0 diverse: la decima edizione di Keep Clean and Run \u00e8 stata un\u2019impresa sportiva dall\u2019importante risvolto ambientale coronata dall\u2019incontro con Papa Francesco. Dopo aver percorso tutta l\u2019Italia nelle precedenti nove edizioni, quest\u2019anno Keep Cleanand Run ha toccato, &hellip; Leggi tutto \"Keep Clean and Run #pulisciecorri | Decima edizione\"","og_url":"https:\/\/keepcleanandrun.com\/index.php\/7-maratone-di-plogging-7-giorni-7-citta\/","og_site_name":"Keep Clean and run","article_publisher":"https:\/\/www.facebook.com\/ENVI.INFO\/","article_modified_time":"2025-09-15T08:48:08+00:00","og_image":[{"url":"https:\/\/keepcleanandrun.com\/wp-content\/uploads\/2024\/04\/KCR-2024_Torino_Foto-del-Giorno_PH-Stefano-Jeantet-1-1024x683.jpg","type":"","width":"","height":""}],"twitter_card":"summary_large_image","twitter_site":"@EnviInfo","twitter_misc":{"Tempo di lettura stimato":"4 minuti"},"schema":{"@context":"https:\/\/schema.org","@graph":[{"@type":"WebPage","@id":"https:\/\/keepcleanandrun.com\/index.php\/7-maratone-di-plogging-7-giorni-7-citta\/","url":"https:\/\/keepcleanandrun.com\/index.php\/7-maratone-di-plogging-7-giorni-7-citta\/","name":"Keep Clean and Run #pulisciecorri | Decima edizione - Keep Clean and run","isPartOf":{"@id":"https:\/\/keepcleanandrun.com\/#website"},"primaryImageOfPage":{"@id":"https:\/\/keepcleanandrun.com\/index.php\/7-maratone-di-plogging-7-giorni-7-citta\/#primaryimage"},"image":{"@id":"https:\/\/keepcleanandrun.com\/index.php\/7-maratone-di-plogging-7-giorni-7-citta\/#primaryimage"},"thumbnailUrl":"https:\/\/keepcleanandrun.com\/wp-content\/uploads\/2024\/04\/KCR-2024_Torino_Foto-del-Giorno_PH-Stefano-Jeantet-1-1024x683.jpg","datePublished":"2024-04-24T15:25:39+00:00","dateModified":"2025-09-15T08:48:08+00:00","breadcrumb":{"@id":"https:\/\/keepcleanandrun.com\/index.php\/7-maratone-di-plogging-7-giorni-7-citta\/#breadcrumb"},"inLanguage":"it-IT","potentialAction":[{"@type":"ReadAction","target":["https:\/\/keepcleanandrun.com\/index.php\/7-maratone-di-plogging-7-giorni-7-citta\/"]}]},{"@type":"ImageObject","inLanguage":"it-IT","@id":"https:\/\/keepcleanandrun.com\/index.php\/7-maratone-di-plogging-7-giorni-7-citta\/#primaryimage","url":"https:\/\/keepcleanandrun.com\/wp-content\/uploads\/2024\/04\/KCR-2024_Torino_Foto-del-Giorno_PH-Stefano-Jeantet-1.jpg","contentUrl":"https:\/\/keepcleanandrun.com\/wp-content\/uploads\/2024\/04\/KCR-2024_Torino_Foto-del-Giorno_PH-Stefano-Jeantet-1.jpg","width":2000,"height":1334},{"@type":"BreadcrumbList","@id":"https:\/\/keepcleanandrun.com\/index.php\/7-maratone-di-plogging-7-giorni-7-citta\/#breadcrumb","itemListElement":[{"@type":"ListItem","position":1,"name":"Home","item":"https:\/\/keepcleanandrun.com\/"},{"@type":"ListItem","position":2,"name":"Keep Clean and Run #pulisciecorri | Decima edizione"}]},{"@type":"WebSite","@id":"https:\/\/keepcleanandrun.com\/#website","url":"https:\/\/keepcleanandrun.com\/","name":"Keep Clean and run","description":"","potentialAction":[{"@type":"SearchAction","target":{"@type":"EntryPoint","urlTemplate":"https:\/\/keepcleanandrun.com\/?s={search_term_string}"},"query-input":{"@type":"PropertyValueSpecification","valueRequired":true,"valueName":"search_term_string"}}],"inLanguage":"it-IT"}]}},"jetpack_sharing_enabled":true,"_links":{"self":[{"href":"https:\/\/keepcleanandrun.com\/index.php\/wp-json\/wp\/v2\/pages\/2011","targetHints":{"allow":["GET"]}}],"collection":[{"href":"https:\/\/keepcleanandrun.com\/index.php\/wp-json\/wp\/v2\/pages"}],"about":[{"href":"https:\/\/keepcleanandrun.com\/index.php\/wp-json\/wp\/v2\/types\/page"}],"author":[{"embeddable":true,"href":"https:\/\/keepcleanandrun.com\/index.php\/wp-json\/wp\/v2\/users\/6"}],"replies":[{"embeddable":true,"href":"https:\/\/keepcleanandrun.com\/index.php\/wp-json\/wp\/v2\/comments?post=2011"}],"version-history":[{"count":3,"href":"https:\/\/keepcleanandrun.com\/index.php\/wp-json\/wp\/v2\/pages\/2011\/revisions"}],"predecessor-version":[{"id":2023,"href":"https:\/\/keepcleanandrun.com\/index.php\/wp-json\/wp\/v2\/pages\/2011\/revisions\/2023"}],"wp:attachment":[{"href":"https:\/\/keepcleanandrun.com\/index.php\/wp-json\/wp\/v2\/media?parent=2011"}],"curies":[{"name":"wp","href":"https:\/\/api.w.org\/{rel}","templated":true}]}}