{"id":2,"date":"2020-02-26T16:23:19","date_gmt":"2020-02-26T16:23:19","guid":{"rendered":"https:\/\/keepcleanandrun.com\/?page_id=2"},"modified":"2021-03-29T10:36:46","modified_gmt":"2021-03-29T10:36:46","slug":"keep-clean-and-run-2020","status":"publish","type":"page","link":"https:\/\/keepcleanandrun.com\/index.php\/keep-clean-and-run-2020\/","title":{"rendered":"Keep Clean and Run for Peace 2020"},"content":{"rendered":"\n<p><a href=\"https:\/\/circonomia.it\/wp-content\/uploads\/2020\/09\/KCR.zip\" target=\"_blank\" rel=\"noreferrer noopener\"><strong><span class=\"has-inline-color has-vivid-cyan-blue-color\">Scarica le tracce dei percorsi &gt;<\/span><\/strong><\/a><\/p>\n\n\n\n<p><a href=\"https:\/\/keepcleanandrun.com\/index.php\/le-immagini-del-kcr-2020\/\"><strong><span class=\"has-inline-color has-vivid-cyan-blue-color\">Foto &amp; Video del KCR 2020 ><\/span><\/strong><\/a><\/p>\n\n\n\n<h2 class=\"wp-block-heading\"><strong><em>Il programma<\/em><\/strong><br><\/h2>\n\n\n\n<p>KCR for Peace: <strong>420 chilometri da Cortina d\u2019Ampezzo al porto di Trieste<\/strong>, ripercorrendo i luoghi che furono teatro della Grande Guerra. \u00c9 questa la nuova sfida di <strong>Keep Clean and Run<\/strong>,<strong> <\/strong>l\u2019eco-trail contro l\u2019abbandono dei rifiuti (<em>littering<\/em>) giunto alla sesta edizione, che quest\u2019anno per l\u2019occasione cambier\u00e0 denominazione in<strong> KCR for Peace<\/strong>. La corsa rappresenta<strong> <\/strong>anche nel 2020 l\u2019<strong>evento centrale italiano della campagna europea \u201c<a href=\"https:\/\/www.ewwr.eu\/it\/project\/main-features\">Let\u2019s Clean Up Europe!<\/a>\u201d. <\/strong><\/p>\n\n\n\n<p>Per rimanere aggiornato segui le <a rel=\"noreferrer noopener\" aria-label=\"news  (apre in una nuova scheda)\" href=\"https:\/\/keepcleanandrun.com\/index.php\/news\/\" target=\"_blank\"><strong>news <\/strong><\/a>e la <a rel=\"noreferrer noopener\" aria-label=\"rassegna stampa (apre in una nuova scheda)\" href=\"https:\/\/keepcleanandrun.com\/index.php\/rassegna-stampa\/\" target=\"_blank\"><strong>rassegna stampa<\/strong><\/a>.<\/p>\n\n\n\n<p>Il \u201crifiutologo\u201d e divulgatore ambientale <strong>Roberto Cavallo<\/strong>, accompagnato lungo il percorso dal triatleta Roberto Menicucci, affronter\u00e0 le sette tappe della corsa dal 4 al 10 settembre .  Il messaggio che <strong>Keep Clean and Run <\/strong>vuole lanciare non lascia spazio ad interpretazioni: il <em>littering<\/em>, che uccide i nostri mari, va contrastato nei suoi luoghi d\u2019origine, ovvero nell\u2019entroterra. E tutti possono fare due semplici gesti per combatterlo: evitare di abbandonare i propri rifiuti e chinarsi per raccogliere quanto sta gi\u00e0 inquinando l\u2019ambiente. Dopo aver anticipato l\u2019ormai diffuso fenomeno che abbina corsa e rimozione del <em>littering<\/em> -che ormai conosciamo come <em>plogging<\/em>&#8211; oggi KCR punta ad allargare la platea degli sportivi che abbinano l\u2019attivit\u00e0 fisica a quella di rimozione degli abbandoni in natura. Questa edizione per\u00f2 abbiner\u00e0 altri messaggi: innanzitutto quello della <strong>Pace<\/strong>, visto che il territorio attraversato \u00e8 stato teatro del primo conflitto mondiale, la Grande Guerra; per la prima volta inoltre Keep Clean and Run sar\u00e0 <strong>Internazionale<\/strong>, perch\u00e9 attraverser\u00e0 la vicina Slovenia; e quello di salvaguardia del <strong>Mediterraneo<\/strong>, il Nostro Mare da salvare a partire dai gesti che compiamo nell\u2019entroterra.  <\/p>\n\n\n\n<h2 class=\"wp-block-heading\"><strong><em>La corsa <\/em><\/strong><\/h2>\n\n\n\n<p>KCR for Peace <strong>prender\u00e0 il via sabato 4 settembre <\/strong>2020 da Cortina d\u2019Ampezzo, per concludersi <strong>una settimana dopo a Trieste<\/strong>. Gli eco-atleti, in sette tappe, attraverseranno Veneto, Friuli-Venezia Giulia e sconfineranno in Slovenia, attraversando lo scenario meraviglioso delle Dolomiti. <\/p>\n\n\n\n<p>Il\npercorso prevede un totale di <strong>420 chilometri da percorrere di corsa<\/strong> (e, in piccola parte, in bici).<\/p>\n\n\n\n<p>La\ncorsa, promossa da AICA \u2013 Associazione Internazionale per la Comunicazione\nAmbientale &#8211; in collaborazione e con il patrocinio del <strong>Ministero dell\u2019Ambiente e della\nTutela del Territorio e del Mare<\/strong>, \u00e8 stata presentata in una conferenza stampa in\nstreaming (scelta <em>green<\/em> per evitare\nemissioni e dovuta anche alle recenti limitazioni dovute alla situazione di\nemergenza in cui versa il nostro paese), alla presenza di una rappresentanza\ndel Ministero, dei Comuni sede di tappa e degli sponsor. <\/p>\n\n\n\n<h2 class=\"wp-block-heading\"><strong><em>Le tappe e gli eventi<\/em><\/strong><\/h2>\n\n\n\n<p>KCR<strong> for Peace partir\u00e0 da Cortina d\u2019Ampezzo (BL) venerd\u00ec 4 settembre aprile e si concluder\u00e0 gioved\u00ec 10 settembre a Trieste<\/strong>. Per sette giorni, Cavallo e Menicucci raccoglieranno i rifiuti abbandonati che troveranno lungo il percorso, fotografando e mappando quelli che non sar\u00e0 possibile portare con s\u00e9. Queste, nell\u2019ordine, le citt\u00e0 sede di tappa: Cortina d\u2019Ampezzo, Lorenzago di Cadore, Tolmezzo, Caporetto (Kobarid-SLO), Cividale del Friuli, Gorizia, Duino Aurisina, Trieste.<strong> <\/strong><\/p>\n\n\n\n<p>Previste, inoltre, numerose tappe intermedie, dove <strong>la popolazione \u2013 a partire da famiglie e associazioni del territorio\u2013 sar\u00e0 invitata a partecipare a eventi di pulizia del territorio e\/o incontri, durante i quali verranno presentate le finalit\u00e0 dell\u2019iniziativa<\/strong> e la campagna europea, concentrandosi poi sui dati legati all\u2019azione di contrasto all\u2019abbandono dei rifiuti. <\/p>\n\n\n\n<h2 class=\"wp-block-heading\">Tappa 1 | Venerd\u00ec 4 settembre<\/h2>\n\n\n\n<p>Cortina D&#8217;Ampezzo &#8211; Lorenzago di Cadore<\/p>\n\n\n\n<figure class=\"wp-block-table\"><table><tbody><tr><td><strong>Ore<\/strong><\/td><td><strong>Luogo<\/strong><\/td><td><strong>Attivit\u00e0<\/strong><\/td><td><strong>Ritrovo<\/strong><\/td><\/tr><tr><td>8:30<\/td><td>Cortina D&#8217;Ampezzo<\/td><td>Partenza e evento di pulizia<\/td><td>Corso Italia 33 (Comune di Cortina D&#8217;Ampezzo)<\/td><\/tr><tr><td>10:30<\/td><td>San Vito di Cadore<\/td><td>Incontro con il Amministrazione comunale<\/td><td>Lunga via delle Dolomiti<\/td><\/tr><tr><td>15:00<\/td><td>Calalzo di Cadore<\/td><td>Incontro con Amministrazione comunale<\/td><td>Capanna degli Alpini<\/td><\/tr><tr><td>15:30<\/td><td>Domegge di Cadore<\/td><td>Incontro con Amministrazione comunale e evento di pulizia <\/td><td>Via San Lorenzo, 22<\/td><\/tr><tr><td>17:00<\/td><td>Lozzo di Cadore<\/td><td>Passaggio<\/td><td><\/td><\/tr><tr><td>18:00<\/td><td>Lorenzago di Cadore<\/td><td>Arrivo e incontro pubblico<\/td><td>Via Faureana, 117<\/td><\/tr><\/tbody><\/table><figcaption> Gli orari sono da considerarsi indicativi in funzione delle condizioni meteo e della prestazione degli atleti ,lo scarto potrebbe essere al massimo 30 minuti in pi\u00f9 o in meno.<\/figcaption><\/figure>\n\n\n\n<h2 class=\"wp-block-heading\">Tappa 2 | Sabato 5 settembre<\/h2>\n\n\n\n<p>Lorenzago di Cadore &#8211; Tolmezzo<\/p>\n\n\n\n<figure class=\"wp-block-table\"><table><tbody><tr><td><strong>Ore<\/strong><\/td><td><strong>Luogo<\/strong><\/td><td><strong>Attivit\u00e0<\/strong><\/td><td><strong>Ritrovo<\/strong><\/td><\/tr><tr><td>8:30<\/td><td>Lorenzago di Cadore<\/td><td>Partenza e evento di pulizia<\/td><td>Via Faureana, 117<\/td><\/tr><tr><td>9:30<\/td><td>Vigo di Cadore<\/td><td>Evento di pulizia<\/td><td>Baita del CAI ( Localit\u00e0 Buco di Selva)<\/td><\/tr><tr><td>14:00<\/td><td>Prato Carnico<\/td><td>Incontro con Amministrazione Comunale e azione di pulizia<\/td><td>Frazione Pieria, 69 (Municipio)<\/td><\/tr><tr><td>16:00<\/td><td>Ovaro<\/td><td>Passaggio<\/td><td><\/td><\/tr><tr><td>17:00<\/td><td>Lauco<\/td><td>Passaggio<\/td><td>Frazione Chiassis<\/td><\/tr><tr><td>17:15<\/td><td>Villa di Santina<\/td><td> Incontro con Amministrazione Comunale e azione di pulizia<\/td><td>Via Laghetto (nei pressi del ristorante Laghetto)<\/td><\/tr><tr><td>18:30<\/td><td>Tolmezzo<\/td><td>Arrivo e incontro pubblico<\/td><td>Piazza XX Settembre<\/td><\/tr><\/tbody><\/table><figcaption>Gli orari sono da considerarsi indicativi in funzione delle condizioni meteo e della prestazione degli atleti ,lo scarto potrebbe essere al massimo 30 minuti in pi\u00f9 o in meno.<\/figcaption><\/figure>\n\n\n\n<h2 class=\"wp-block-heading\">Tappa 3 | Domenica 6 settembre<\/h2>\n\n\n\n<p>Tolmezzo &#8211; Kobarid (Caporetto)<\/p>\n\n\n\n<figure class=\"wp-block-table\"><table><tbody><tr><td><strong>Ore<\/strong><\/td><td><strong>Luogo<\/strong><\/td><td><strong>Attivit\u00e0<\/strong><\/td><td><strong>Ritrovo<\/strong><\/td><\/tr><tr><td>8:30<\/td><td>Tolmezzo<\/td><td>Partenza e evento di pulizia<\/td><td>Area di Pr\u00e0 Castello<\/td><\/tr><tr><td>9:15<\/td><td>Amaro<\/td><td>Passaggio<\/td><td><\/td><\/tr><tr><td>10:15<\/td><td>Venzone<\/td><td>Incontro con Amministrazione e evento di pulizia<\/td><td>Via Sottomonte incrocio Via San Giorgio  (Borgo Sottomonte)<\/td><\/tr><tr><td>13:00<\/td><td>Lusevera<\/td><td>Incontro con Amministrazione e evento di pulizia<\/td><td> Frazione Musi<\/td><\/tr><tr><td>15:30<\/td><td>Resia<\/td><td>Incontro con Amministrazione e evento di pulizia<\/td><td>Frazione Uccea<\/td><\/tr><tr><td>18:30<\/td><td>Kobarid (Caporetto)<\/td><td>Arrivo e incontro con Amministrazione<\/td><td>Kobarid Municipality Trg svobode 2, 5222 Kobarid<\/td><\/tr><\/tbody><\/table><figcaption>Gli orari sono da considerarsi indicativi in funzione delle condizioni meteo e della prestazione degli atleti ,lo scarto potrebbe essere al massimo 30 minuti in pi\u00f9 o in meno.<\/figcaption><\/figure>\n\n\n\n<h2 class=\"wp-block-heading\">Tappa 4 | Luned\u00ec 7 settembre <\/h2>\n\n\n\n<p>Kobarid (Caporetto) &#8211; Cividale del Friuli<\/p>\n\n\n\n<figure class=\"wp-block-table\"><table><tbody><tr><td><strong>Ore<\/strong><\/td><td><strong>Luogo<\/strong><\/td><td><strong>Attivit\u00e0<\/strong><\/td><td><strong>Ritrovo<\/strong><\/td><\/tr><tr><td>8:30<\/td><td>Kobarid (Caporetto)<\/td><td>Partenza<\/td><td>Kobarid Municipality <br>Trg svobode 2, 5222 Kobarid<\/td><\/tr><tr><td>12:00<\/td><td>Savogna<\/td><td>Incontro con Amministrazione e evento di pulizia<\/td><td>Frazione Cepletischis, Piazza Chiesa Santa Croce<\/td><\/tr><tr><td><\/td><td>Grimacco<\/td><td>Passaggio<\/td><td><\/td><\/tr><tr><td>15:00<\/td><td>San Leonardo<\/td><td>Incontro con Amministrazione e evento di pulizia<\/td><td>Via Merso di Sopra n.2 (di fronte alla sede Municipale)<\/td><\/tr><tr><td>15:40<\/td><td>San Pietro al Natisone<\/td><td>Incontro con Amministrazione e evento di pulizia<\/td><td>Via zona industriale, 33049 San Pietro Al Natisone<\/td><\/tr><tr><td>17:30<\/td><td>Cividale del Friuli<\/td><td>Arrivo e incontro con Amministrazione<\/td><td><em>Indirizzo da definire<\/em><\/td><\/tr><\/tbody><\/table><figcaption>Gli orari sono da considerarsi indicativi in funzione delle condizioni meteo e della prestazione degli atleti ,lo scarto potrebbe essere al massimo 30 minuti in pi\u00f9 o in meno.<\/figcaption><\/figure>\n\n\n\n<h2 class=\"wp-block-heading\">Tappa 5 | Marted\u00ec 8 settembre <\/h2>\n\n\n\n<p>Cividale del Friuli &#8211; Gorizia<\/p>\n\n\n\n<figure class=\"wp-block-table\"><table><tbody><tr><td><strong>Ore<\/strong><\/td><td><strong>Luogo<\/strong><\/td><td><strong>Attivit\u00e0<\/strong><\/td><td><strong><strong>Ritrovo<\/strong><\/strong><\/td><\/tr><tr><td>8:30<\/td><td>Cividale del Friuli<\/td><td>Partenza<\/td><td><em>Indirizzo da definire<\/em><\/td><\/tr><tr><td>11:45<\/td><td>Prepotto<\/td><td>Incontro con Amministrazione<\/td><td>Frazione Centa <\/td><\/tr><tr><td>12:10<\/td><td>Dolegna del Collio<\/td><td>Passaggio<\/td><td>Localit\u00e0 Mernico<\/td><\/tr><tr><td>15:00<\/td><td>Cormons<\/td><td>Incontro con Amministrazione<\/td><td>Localit\u00e0 Plessiva, 3, 34071 Cormons GO<\/td><\/tr><tr><td>15:30<\/td><td>San Floriano del Collio<\/td><td>Incontro con Amministrazione<\/td><td>Santuario Regina dei Popoli, Preval<\/td><\/tr><tr><td>17:00<\/td><td>Gorizia<\/td><td>Arrivo e incontro pubblico<\/td><td>Piazza Municipio, 1<\/td><\/tr><\/tbody><\/table><figcaption>Gli orari sono da considerarsi indicativi in funzione delle condizioni meteo e della prestazione degli atleti ,lo scarto potrebbe essere al massimo 30 minuti in pi\u00f9 o in meno.<\/figcaption><\/figure>\n\n\n\n<h2 class=\"wp-block-heading\">Tappa 6 | Mercoled\u00ec 9 settembre <\/h2>\n\n\n\n<p>Gorizia &#8211; Malchina (Duisino &#8211; Aurisina)<\/p>\n\n\n\n<figure class=\"wp-block-table\"><table><tbody><tr><td><strong>Ore<\/strong><\/td><td><strong>Luogo<\/strong><\/td><td><strong>Attivit\u00e0<\/strong><\/td><td><strong><strong>Ritrovo<\/strong><\/strong><\/td><\/tr><tr><td>8:30<\/td><td>Gorizia<\/td><td>Partenza<\/td><td><\/td><\/tr><tr><td>11:45<\/td><td>Farra D&#8217;Isonzo<\/td><td><\/td><td><\/td><\/tr><tr><td>11:15<\/td><td>Gradisca D&#8217;Isonzo<\/td><td>Passaggio<\/td><td><\/td><\/tr><tr><td>12:30<\/td><td>Sagrado<\/td><td>Incontro con Amministrazione Comunale<\/td><td>San Martino del Carso<\/td><\/tr><tr><td>13:00<\/td><td>Doberdo Del Lago<\/td><td>Passaggio<\/td><td><\/td><\/tr><tr><td>16:15<\/td><td>Malchina (Duisino &#8211; Aurisina)<\/td><td>Arrivo<\/td><td><\/td><\/tr><\/tbody><\/table><figcaption>Gli orari sono da considerarsi indicativi in funzione delle condizioni meteo e della prestazione degli atleti ,lo scarto potrebbe essere al massimo 30 minuti in pi\u00f9 o in meno.<\/figcaption><\/figure>\n\n\n\n<h2 class=\"wp-block-heading\">Tappa 7 | 10 settembre<\/h2>\n\n\n\n<p>Malchina (Duisino &#8211; Aurisina)- Trieste<\/p>\n\n\n\n<figure class=\"wp-block-table\"><table><tbody><tr><td><strong>Ore<\/strong><\/td><td><strong>Luogo<\/strong><\/td><td><strong>Attivit\u00e0<\/strong><\/td><td><strong><strong>Ritrovo<\/strong><\/strong><\/td><\/tr><tr><td>8:30<\/td><td>Malchina (Duisino &#8211; Aurisina)<\/td><td>Partenza<\/td><td><\/td><\/tr><tr><td>10:15<\/td><td>Sgonico<\/td><td>Passaggio<\/td><td><\/td><\/tr><tr><td>11:00<\/td><td>Monrupino<\/td><td>Passaggio<\/td><td><\/td><\/tr><tr><td>14:30<\/td><td>Trieste<\/td><td>Passaggio <\/td><td>Montura Store (Via Mazzini)<\/td><\/tr><tr><td>15:00<\/td><td>Trieste<\/td><td>Arrivo<\/td><td>Molo degli Audaci <\/td><\/tr><\/tbody><\/table><figcaption>Gli orari sono da considerarsi indicativi in funzione delle condizioni meteo e della prestazione degli atleti ,lo scarto potrebbe essere al massimo 30 minuti in pi\u00f9 o in meno.<\/figcaption><\/figure>\n","protected":false},"excerpt":{"rendered":"<p>Scarica le tracce dei percorsi &gt; Foto &amp; Video del KCR 2020 > Il programma KCR for Peace: 420 chilometri da Cortina d\u2019Ampezzo al porto di Trieste, ripercorrendo i luoghi che furono teatro della Grande Guerra. \u00c9 questa la nuova sfida di Keep Clean and Run, l\u2019eco-trail contro l\u2019abbandono dei rifiuti (littering) giunto alla sesta &hellip; <\/p>\n<p class=\"link-more\"><a href=\"https:\/\/keepcleanandrun.com\/index.php\/keep-clean-and-run-2020\/\" class=\"more-link\">Leggi tutto<span class=\"screen-reader-text\"> &#8220;Keep Clean and Run for Peace 2020&#8221;<\/span><\/a><\/p>\n","protected":false},"author":1,"featured_media":0,"parent":0,"menu_order":0,"comment_status":"closed","ping_status":"open","template":"","meta":{"ngg_post_thumbnail":0,"footnotes":""},"class_list":["post-2","page","type-page","status-publish","hentry"],"yoast_head":"<!-- This site is optimized with the Yoast SEO plugin v27.4 - https:\/\/yoast.com\/product\/yoast-seo-wordpress\/ -->\n<title>Keep Clean and Run for Peace 2020 - Keep Clean and run<\/title>\n<meta name=\"description\" content=\"KCR for Peace: 420 chilometri da Cortina d\u2019Ampezzo al porto di Trieste. La nuova sfida del Keep Clean and Run.\" \/>\n<meta name=\"robots\" content=\"index, follow, max-snippet:-1, max-image-preview:large, max-video-preview:-1\" \/>\n<link rel=\"canonical\" href=\"https:\/\/keepcleanandrun.com\/index.php\/keep-clean-and-run-2020\/\" \/>\n<meta property=\"og:locale\" content=\"it_IT\" \/>\n<meta property=\"og:type\" content=\"article\" \/>\n<meta property=\"og:title\" content=\"Keep Clean and Run for Peace 2020 - Keep Clean and run\" \/>\n<meta property=\"og:description\" content=\"KCR for Peace: 420 chilometri da Cortina d\u2019Ampezzo al porto di Trieste. La nuova sfida del Keep Clean and Run.\" \/>\n<meta property=\"og:url\" content=\"https:\/\/keepcleanandrun.com\/index.php\/keep-clean-and-run-2020\/\" \/>\n<meta property=\"og:site_name\" content=\"Keep Clean and run\" \/>\n<meta property=\"article:publisher\" content=\"https:\/\/www.facebook.com\/ENVI.INFO\/\" \/>\n<meta property=\"article:modified_time\" content=\"2021-03-29T10:36:46+00:00\" \/>\n<meta name=\"twitter:card\" content=\"summary_large_image\" \/>\n<meta name=\"twitter:site\" content=\"@EnviInfo\" \/>\n<meta name=\"twitter:label1\" content=\"Tempo di lettura stimato\" \/>\n\t<meta name=\"twitter:data1\" content=\"6 minuti\" \/>\n<script type=\"application\/ld+json\" class=\"yoast-schema-graph\">{\"@context\":\"https:\\\/\\\/schema.org\",\"@graph\":[{\"@type\":\"WebPage\",\"@id\":\"https:\\\/\\\/keepcleanandrun.com\\\/index.php\\\/keep-clean-and-run-2020\\\/\",\"url\":\"https:\\\/\\\/keepcleanandrun.com\\\/index.php\\\/keep-clean-and-run-2020\\\/\",\"name\":\"Keep Clean and Run for Peace 2020 - Keep Clean and run\",\"isPartOf\":{\"@id\":\"https:\\\/\\\/keepcleanandrun.com\\\/#website\"},\"datePublished\":\"2020-02-26T16:23:19+00:00\",\"dateModified\":\"2021-03-29T10:36:46+00:00\",\"description\":\"KCR for Peace: 420 chilometri da Cortina d\u2019Ampezzo al porto di Trieste. La nuova sfida del Keep Clean and Run.\",\"breadcrumb\":{\"@id\":\"https:\\\/\\\/keepcleanandrun.com\\\/index.php\\\/keep-clean-and-run-2020\\\/#breadcrumb\"},\"inLanguage\":\"it-IT\",\"potentialAction\":[{\"@type\":\"ReadAction\",\"target\":[\"https:\\\/\\\/keepcleanandrun.com\\\/index.php\\\/keep-clean-and-run-2020\\\/\"]}]},{\"@type\":\"BreadcrumbList\",\"@id\":\"https:\\\/\\\/keepcleanandrun.com\\\/index.php\\\/keep-clean-and-run-2020\\\/#breadcrumb\",\"itemListElement\":[{\"@type\":\"ListItem\",\"position\":1,\"name\":\"Home\",\"item\":\"https:\\\/\\\/keepcleanandrun.com\\\/\"},{\"@type\":\"ListItem\",\"position\":2,\"name\":\"Keep Clean and Run for Peace 2020\"}]},{\"@type\":\"WebSite\",\"@id\":\"https:\\\/\\\/keepcleanandrun.com\\\/#website\",\"url\":\"https:\\\/\\\/keepcleanandrun.com\\\/\",\"name\":\"Keep Clean and run\",\"description\":\"\",\"potentialAction\":[{\"@type\":\"SearchAction\",\"target\":{\"@type\":\"EntryPoint\",\"urlTemplate\":\"https:\\\/\\\/keepcleanandrun.com\\\/?s={search_term_string}\"},\"query-input\":{\"@type\":\"PropertyValueSpecification\",\"valueRequired\":true,\"valueName\":\"search_term_string\"}}],\"inLanguage\":\"it-IT\"}]}<\/script>\n<!-- \/ Yoast SEO plugin. -->","yoast_head_json":{"title":"Keep Clean and Run for Peace 2020 - Keep Clean and run","description":"KCR for Peace: 420 chilometri da Cortina d\u2019Ampezzo al porto di Trieste. La nuova sfida del Keep Clean and Run.","robots":{"index":"index","follow":"follow","max-snippet":"max-snippet:-1","max-image-preview":"max-image-preview:large","max-video-preview":"max-video-preview:-1"},"canonical":"https:\/\/keepcleanandrun.com\/index.php\/keep-clean-and-run-2020\/","og_locale":"it_IT","og_type":"article","og_title":"Keep Clean and Run for Peace 2020 - Keep Clean and run","og_description":"KCR for Peace: 420 chilometri da Cortina d\u2019Ampezzo al porto di Trieste. La nuova sfida del Keep Clean and Run.","og_url":"https:\/\/keepcleanandrun.com\/index.php\/keep-clean-and-run-2020\/","og_site_name":"Keep Clean and run","article_publisher":"https:\/\/www.facebook.com\/ENVI.INFO\/","article_modified_time":"2021-03-29T10:36:46+00:00","twitter_card":"summary_large_image","twitter_site":"@EnviInfo","twitter_misc":{"Tempo di lettura stimato":"6 minuti"},"schema":{"@context":"https:\/\/schema.org","@graph":[{"@type":"WebPage","@id":"https:\/\/keepcleanandrun.com\/index.php\/keep-clean-and-run-2020\/","url":"https:\/\/keepcleanandrun.com\/index.php\/keep-clean-and-run-2020\/","name":"Keep Clean and Run for Peace 2020 - Keep Clean and run","isPartOf":{"@id":"https:\/\/keepcleanandrun.com\/#website"},"datePublished":"2020-02-26T16:23:19+00:00","dateModified":"2021-03-29T10:36:46+00:00","description":"KCR for Peace: 420 chilometri da Cortina d\u2019Ampezzo al porto di Trieste. La nuova sfida del Keep Clean and Run.","breadcrumb":{"@id":"https:\/\/keepcleanandrun.com\/index.php\/keep-clean-and-run-2020\/#breadcrumb"},"inLanguage":"it-IT","potentialAction":[{"@type":"ReadAction","target":["https:\/\/keepcleanandrun.com\/index.php\/keep-clean-and-run-2020\/"]}]},{"@type":"BreadcrumbList","@id":"https:\/\/keepcleanandrun.com\/index.php\/keep-clean-and-run-2020\/#breadcrumb","itemListElement":[{"@type":"ListItem","position":1,"name":"Home","item":"https:\/\/keepcleanandrun.com\/"},{"@type":"ListItem","position":2,"name":"Keep Clean and Run for Peace 2020"}]},{"@type":"WebSite","@id":"https:\/\/keepcleanandrun.com\/#website","url":"https:\/\/keepcleanandrun.com\/","name":"Keep Clean and run","description":"","potentialAction":[{"@type":"SearchAction","target":{"@type":"EntryPoint","urlTemplate":"https:\/\/keepcleanandrun.com\/?s={search_term_string}"},"query-input":{"@type":"PropertyValueSpecification","valueRequired":true,"valueName":"search_term_string"}}],"inLanguage":"it-IT"}]}},"jetpack_sharing_enabled":true,"_links":{"self":[{"href":"https:\/\/keepcleanandrun.com\/index.php\/wp-json\/wp\/v2\/pages\/2","targetHints":{"allow":["GET"]}}],"collection":[{"href":"https:\/\/keepcleanandrun.com\/index.php\/wp-json\/wp\/v2\/pages"}],"about":[{"href":"https:\/\/keepcleanandrun.com\/index.php\/wp-json\/wp\/v2\/types\/page"}],"author":[{"embeddable":true,"href":"https:\/\/keepcleanandrun.com\/index.php\/wp-json\/wp\/v2\/users\/1"}],"replies":[{"embeddable":true,"href":"https:\/\/keepcleanandrun.com\/index.php\/wp-json\/wp\/v2\/comments?post=2"}],"version-history":[{"count":43,"href":"https:\/\/keepcleanandrun.com\/index.php\/wp-json\/wp\/v2\/pages\/2\/revisions"}],"predecessor-version":[{"id":999,"href":"https:\/\/keepcleanandrun.com\/index.php\/wp-json\/wp\/v2\/pages\/2\/revisions\/999"}],"wp:attachment":[{"href":"https:\/\/keepcleanandrun.com\/index.php\/wp-json\/wp\/v2\/media?parent=2"}],"curies":[{"name":"wp","href":"https:\/\/api.w.org\/{rel}","templated":true}]}}